{"id":381,"date":"2024-04-02T22:38:58","date_gmt":"2024-04-02T20:38:58","guid":{"rendered":"https:\/\/le-architektur.ch\/?page_id=381"},"modified":"2024-11-13T22:32:58","modified_gmt":"2024-11-13T21:32:58","slug":"weiteres","status":"publish","type":"page","link":"https:\/\/le-architektur.ch\/index.php\/weiteres\/","title":{"rendered":"Campus culinario"},"content":{"rendered":"\t\t<div data-elementor-type=\"wp-page\" data-elementor-id=\"381\" class=\"elementor elementor-381\">\n\t\t\t\t<div class=\"elementor-element elementor-element-22dcb599 e-flex e-con-boxed e-con e-parent\" data-id=\"22dcb599\" data-element_type=\"container\" data-e-type=\"container\">\n\t\t\t\t\t<div class=\"e-con-inner\">\n\t\t\t\t<div class=\"elementor-element elementor-element-3e131e05 elementor-widget elementor-widget-heading\" data-id=\"3e131e05\" data-element_type=\"widget\" data-e-type=\"widget\" data-widget_type=\"heading.default\">\n\t\t\t\t<div class=\"elementor-widget-container\">\n\t\t\t\t\t<h2 class=\"elementor-heading-title elementor-size-default\">CAMPUS CULINARIO - STUDIUM<\/h2>\t\t\t\t<\/div>\n\t\t\t\t<\/div>\n\t\t\t\t\t<\/div>\n\t\t\t\t<\/div>\n\t\t<div class=\"elementor-element elementor-element-be14356 e-flex e-con-boxed e-con e-parent\" data-id=\"be14356\" data-element_type=\"container\" data-e-type=\"container\">\n\t\t\t\t\t<div class=\"e-con-inner\">\n\t\t<div class=\"elementor-element elementor-element-0eceb29 e-flex e-con-boxed e-con e-child\" data-id=\"0eceb29\" data-element_type=\"container\" data-e-type=\"container\">\n\t\t\t\t\t<div class=\"e-con-inner\">\n\t\t<div class=\"elementor-element elementor-element-28ade10 e-flex e-con-boxed e-con e-child\" data-id=\"28ade10\" data-element_type=\"container\" data-e-type=\"container\">\n\t\t\t\t\t<div class=\"e-con-inner\">\n\t\t\t\t<div class=\"elementor-element elementor-element-d66932b elementor-widget elementor-widget-image\" data-id=\"d66932b\" data-element_type=\"widget\" data-e-type=\"widget\" data-widget_type=\"image.default\">\n\t\t\t\t<div class=\"elementor-widget-container\">\n\t\t\t\t\t\t\t\t\t\t\t\t\t\t\t\t<a href=\"https:\/\/le-architektur.ch\/wp-content\/uploads\/2024\/04\/Bild_zwischenraum-Kopie.jpg\" data-elementor-open-lightbox=\"yes\" data-elementor-lightbox-description=\"CAMPUS CULINARIO\" data-e-action-hash=\"#elementor-action%3Aaction%3Dlightbox%26settings%3DeyJpZCI6MzkzLCJ1cmwiOiJodHRwczpcL1wvbGUtYXJjaGl0ZWt0dXIuY2hcL3dwLWNvbnRlbnRcL3VwbG9hZHNcLzIwMjRcLzA0XC9CaWxkX3p3aXNjaGVucmF1bS1Lb3BpZS5qcGcifQ%3D%3D\">\n\t\t\t\t\t\t\t<img decoding=\"async\" src=\"https:\/\/le-architektur.ch\/wp-content\/uploads\/elementor\/thumbs\/Bild_zwischenraum-Kopie-qm4vgdnqne9c4i0p8wc4slmisnch6wfsbpkh5bdnwg.jpg\" title=\"Bild zwischenraum\" alt=\"CAMPUS CULINARIO\" loading=\"lazy\" \/>\t\t\t\t\t\t\t\t<\/a>\n\t\t\t\t\t\t\t\t\t\t\t\t\t\t\t<\/div>\n\t\t\t\t<\/div>\n\t\t\t\t\t<\/div>\n\t\t\t\t<\/div>\n\t\t<div class=\"elementor-element elementor-element-19eb716 e-con-full e-flex e-con e-child\" data-id=\"19eb716\" data-element_type=\"container\" data-e-type=\"container\">\n\t\t\t\t<div class=\"elementor-element elementor-element-6d79ad1 elementor-widget elementor-widget-image\" data-id=\"6d79ad1\" data-element_type=\"widget\" data-e-type=\"widget\" data-widget_type=\"image.default\">\n\t\t\t\t<div class=\"elementor-widget-container\">\n\t\t\t\t\t\t\t\t\t\t\t\t\t\t\t\t<a href=\"https:\/\/le-architektur.ch\/wp-content\/uploads\/2024\/10\/Volumenmodel_Eberhart_Lars-scaled.jpg\" data-elementor-open-lightbox=\"yes\" data-elementor-lightbox-description=\"CAMPUS CULINARIO\" data-e-action-hash=\"#elementor-action%3Aaction%3Dlightbox%26settings%3DeyJpZCI6NjI3LCJ1cmwiOiJodHRwczpcL1wvbGUtYXJjaGl0ZWt0dXIuY2hcL3dwLWNvbnRlbnRcL3VwbG9hZHNcLzIwMjRcLzEwXC9Wb2x1bWVubW9kZWxfRWJlcmhhcnRfTGFycy1zY2FsZWQuanBnIn0%3D\">\n\t\t\t\t\t\t\t<img decoding=\"async\" src=\"https:\/\/le-architektur.ch\/wp-content\/uploads\/elementor\/thumbs\/Volumenmodel_Eberhart_Lars-scaled-qw023aoqni5kr93x2s6jh83z5vzscfmrytc4itxk5c.jpg\" title=\"Volumenmodel\" alt=\"CAMPUS CULINARIO\" loading=\"lazy\" \/>\t\t\t\t\t\t\t\t<\/a>\n\t\t\t\t\t\t\t\t\t\t\t\t\t\t\t<\/div>\n\t\t\t\t<\/div>\n\t\t\t\t<\/div>\n\t\t\t\t\t<\/div>\n\t\t\t\t<\/div>\n\t\t<div class=\"elementor-element elementor-element-35cb655 e-transform e-flex e-con-boxed e-con e-child\" data-id=\"35cb655\" data-element_type=\"container\" data-e-type=\"container\" data-settings=\"{&quot;_transform_rotateZ_effect&quot;:{&quot;unit&quot;:&quot;px&quot;,&quot;size&quot;:&quot;&quot;,&quot;sizes&quot;:[]},&quot;_transform_rotateZ_effect_tablet&quot;:{&quot;unit&quot;:&quot;deg&quot;,&quot;size&quot;:&quot;&quot;,&quot;sizes&quot;:[]},&quot;_transform_rotateZ_effect_mobile&quot;:{&quot;unit&quot;:&quot;deg&quot;,&quot;size&quot;:&quot;&quot;,&quot;sizes&quot;:[]}}\">\n\t\t\t\t\t<div class=\"e-con-inner\">\n\t\t\t\t<div class=\"elementor-element elementor-element-e8d4e9c elementor-widget-mobile__width-initial elementor-widget elementor-widget-image\" data-id=\"e8d4e9c\" data-element_type=\"widget\" data-e-type=\"widget\" data-widget_type=\"image.default\">\n\t\t\t\t<div class=\"elementor-widget-container\">\n\t\t\t\t\t\t\t\t\t\t\t\t\t\t\t\t<a href=\"https:\/\/le-architektur.ch\/wp-content\/uploads\/2024\/04\/AXO-Kopie-scaled.jpg\" data-elementor-open-lightbox=\"yes\" data-elementor-lightbox-description=\"CAMPUS CULINARIO\" data-e-action-hash=\"#elementor-action%3Aaction%3Dlightbox%26settings%3DeyJpZCI6MzkxLCJ1cmwiOiJodHRwczpcL1wvbGUtYXJjaGl0ZWt0dXIuY2hcL3dwLWNvbnRlbnRcL3VwbG9hZHNcLzIwMjRcLzA0XC9BWE8tS29waWUtc2NhbGVkLWUxNzc0MDg5OTIxNzM2LmpwZyJ9\">\n\t\t\t\t\t\t\t<img decoding=\"async\" src=\"https:\/\/le-architektur.ch\/wp-content\/uploads\/elementor\/thumbs\/AXO-Kopie-scaled-e1774089921736-rktxrt6c0qclcqcwgsxwp4wlcsyz0z4xc7yigelks4.jpg\" title=\"AXO\" alt=\"CAMPUS CULINARIO\" loading=\"lazy\" \/>\t\t\t\t\t\t\t\t<\/a>\n\t\t\t\t\t\t\t\t\t\t\t\t\t\t\t<\/div>\n\t\t\t\t<\/div>\n\t\t\t\t\t<\/div>\n\t\t\t\t<\/div>\n\t\t\t\t\t<\/div>\n\t\t\t\t<\/div>\n\t\t<div class=\"elementor-element elementor-element-279d2f4 e-flex e-con-boxed e-con e-parent\" data-id=\"279d2f4\" data-element_type=\"container\" data-e-type=\"container\">\n\t\t\t\t\t<div class=\"e-con-inner\">\n\t\t<div class=\"elementor-element elementor-element-96f6e01 e-con-full e-flex e-con e-child\" data-id=\"96f6e01\" data-element_type=\"container\" data-e-type=\"container\">\n\t\t\t\t<div class=\"elementor-element elementor-element-b296101 elementor-widget elementor-widget-text-editor\" data-id=\"b296101\" data-element_type=\"widget\" data-e-type=\"widget\" data-widget_type=\"text-editor.default\">\n\t\t\t\t<div class=\"elementor-widget-container\">\n\t\t\t\t\t\t\t\t\t<p>2022<\/p>\n<p><b>Projektphasen:&nbsp;<\/b><span style=\"font-family: var( --e-global-typography-text-font-family ), Sans-serif; font-size: var( --e-global-typography-text-font-size ); font-style: var( --e-global-typography-text-font-style ); letter-spacing: var( --e-global-typography-text-letter-spacing ); text-transform: var( --e-global-typography-text-text-transform ); word-spacing: var( --e-global-typography-text-word-spacing ); text-decoration: var( --e-global-typography-text-text-decoration ); text-align: var(--text-align); background-color: rgba(255, 255, 255, 0);\">Entwurf<\/span><\/p>\n<p><span style=\"font-family: var( --e-global-typography-text-font-family ), Sans-serif; font-size: var( --e-global-typography-text-font-size ); font-style: var( --e-global-typography-text-font-style ); letter-spacing: var( --e-global-typography-text-letter-spacing ); text-transform: var( --e-global-typography-text-text-transform ); word-spacing: var( --e-global-typography-text-word-spacing ); text-decoration: var( --e-global-typography-text-text-decoration ); text-align: var(--text-align); background-color: rgba(255, 255, 255, 0);\">Bachelorarbeit in Locarno<\/span><\/p>\n<div class=\"group\/conversation-turn relative flex w-full min-w-0 flex-col agent-turn\">\n<div class=\"flex-col gap-1 md:gap-3\">\n<div class=\"flex max-w-full flex-col flex-grow\">\n<div class=\"min-h-8 text-message flex w-full flex-col items-end gap-2 whitespace-normal break-words [.text-message+&amp;]:mt-5\" dir=\"auto\" data-message-author-role=\"assistant\" data-message-id=\"a423c8b6-9cf7-4076-a9ab-ff2fc95bc98a\" data-message-model-slug=\"gpt-4o\">\n<div class=\"flex w-full flex-col gap-1 empty:hidden first:pt-[3px]\">\n<div class=\"markdown prose w-full break-words dark:prose-invert dark\">\n<div class=\"group\/conversation-turn relative flex w-full min-w-0 flex-col agent-turn\">\n<div class=\"flex-col gap-1 md:gap-3\">\n<div class=\"flex max-w-full flex-col flex-grow\">\n<div class=\"min-h-8 text-message flex w-full flex-col items-end gap-2 whitespace-normal break-words [.text-message+&amp;]:mt-5\" dir=\"auto\" data-message-author-role=\"assistant\" data-message-id=\"3b072ade-e823-4fe9-a487-9c4592b06e60\" data-message-model-slug=\"gpt-4o\">\n<div class=\"flex w-full flex-col gap-1 empty:hidden first:pt-[3px]\">\n<div class=\"markdown prose w-full break-words dark:prose-invert dark\">\n<p>Der neue Campus Cullinario in Locarno entsteht neben der Piazza Grande. F\u00fcnf harmonisch in die Altstadt eingef\u00fcgte Geb\u00e4ude schaffen ein Netzwerk aus Wegen und Pl\u00e4tzen, das die Umgebung auflockert.<\/p>\n<p>Die Kochakademie verteilt sich auf zwei Geb\u00e4ude: Das gr\u00f6\u00dfere enth\u00e4lt Lehrk\u00fcchen und Restaurants mit Terrassen, die Einblicke bieten. Die Anlieferung erfolgt \u00fcber das kleinere Geb\u00e4ude mit einem Durchgang im Untergeschoss.<\/p>\n<p>Zentrale Treppen erschlie\u00dfen die Geb\u00e4ude und f\u00fchren zu den Terrassen. Br\u00fccken im 2. Obergeschoss und ein Weinkeller im Untergeschoss verbinden die Geb\u00e4ude zus\u00e4tzlich. Klare Strukturen mit aussteifenden Kernen, die auch zur Haustechnikverteilung und zum Brandschutz dienen, pr\u00e4gen die Geb\u00e4ude.<\/p>\n<p>Die Interaktion zwischen Geb\u00e4uden und Au\u00dfenraum ist zentral. Eine Bar belebt den Raum zwischen den Kochgeb\u00e4uden. Fassaden und Vord\u00e4cher st\u00e4rken die Verbindung zwischen Innen und Au\u00dfen und bieten Schutz vor Sonne und Regen.<\/p>\n<p>Die Haustechnik verl\u00e4uft mittig neben den Treppenh\u00e4usern, mit einer Zentrale im Untergeschoss. Leitungen werden durch Lochtr\u00e4ger in die R\u00e4umlichkeiten gef\u00fchrt, Nasszellen haben eine direkte Fortluft.<\/p>\n<p>Vord\u00e4cher sch\u00fctzen vor \u00dcberhitzung durch Sommersonne und lassen dennoch die Wintersonne ins Geb\u00e4ude. Fassadenreliefs reflektieren Sommersonne und absorbieren Wintersonne, was den Heiz- und K\u00fchlbedarf minimiert.<\/p>\n<\/div>\n<\/div>\n<\/div>\n<\/div>\n<\/div>\n<\/div>\n<\/div>\n<\/div>\n<\/div>\n<\/div>\n<\/div>\n<\/div>\t\t\t\t\t\t\t\t<\/div>\n\t\t\t\t<\/div>\n\t\t\t\t<\/div>\n\t\t\t\t\t<\/div>\n\t\t\t\t<\/div>\n\t\t<div class=\"elementor-element elementor-element-b1624af e-flex e-con-boxed e-con e-parent\" data-id=\"b1624af\" data-element_type=\"container\" data-e-type=\"container\">\n\t\t\t\t\t<div class=\"e-con-inner\">\n\t\t<div class=\"elementor-element elementor-element-3809453 e-con-full e-flex e-con e-child\" data-id=\"3809453\" data-element_type=\"container\" data-e-type=\"container\">\n\t\t\t\t<div class=\"elementor-element elementor-element-140e6a3 elementor-widget elementor-widget-image\" data-id=\"140e6a3\" data-element_type=\"widget\" data-e-type=\"widget\" data-widget_type=\"image.default\">\n\t\t\t\t<div class=\"elementor-widget-container\">\n\t\t\t\t\t\t\t\t\t\t\t\t\t\t\t\t<a href=\"https:\/\/le-architektur.ch\/wp-content\/uploads\/2024\/11\/Campus-Culinario-raeumlicher-Schnitt-1-scaled.jpg\" data-elementor-open-lightbox=\"yes\" data-e-action-hash=\"#elementor-action%3Aaction%3Dlightbox%26settings%3DeyJpZCI6NzQxLCJ1cmwiOiJodHRwczpcL1wvbGUtYXJjaGl0ZWt0dXIuY2hcL3dwLWNvbnRlbnRcL3VwbG9hZHNcLzIwMjRcLzExXC9DYW1wdXMtQ3VsaW5hcmlvLXJhZXVtbGljaGVyLVNjaG5pdHQtMS1zY2FsZWQuanBnIn0%3D\">\n\t\t\t\t\t\t\t<img decoding=\"async\" src=\"https:\/\/le-architektur.ch\/wp-content\/uploads\/elementor\/thumbs\/Campus-Culinario-raeumlicher-Schnitt-1-scaled-qwlw3g4o2lbm77gktn4hd5hrtmocvckr3asptwpc8w.jpg\" title=\"Campus Culinario raeumlicher Schnitt\" alt=\"Campus Culinario raeumlicher Schnitt\" loading=\"lazy\" \/>\t\t\t\t\t\t\t\t<\/a>\n\t\t\t\t\t\t\t\t\t\t\t\t\t\t\t<\/div>\n\t\t\t\t<\/div>\n\t\t\t\t<\/div>\n\t\t\t\t\t<\/div>\n\t\t\t\t<\/div>\n\t\t<div class=\"elementor-element elementor-element-996ce04 e-flex e-con-boxed e-con e-parent\" data-id=\"996ce04\" data-element_type=\"container\" data-e-type=\"container\">\n\t\t\t\t\t<div class=\"e-con-inner\">\n\t\t<div class=\"elementor-element elementor-element-1b1383f e-con-full e-flex e-con e-child\" data-id=\"1b1383f\" data-element_type=\"container\" data-e-type=\"container\">\n\t\t\t\t<div class=\"elementor-element elementor-element-5f43bc5f elementor-widget elementor-widget-image\" data-id=\"5f43bc5f\" data-element_type=\"widget\" data-e-type=\"widget\" data-widget_type=\"image.default\">\n\t\t\t\t<div class=\"elementor-widget-container\">\n\t\t\t\t\t\t\t\t\t\t\t\t\t\t\t\t<a href=\"https:\/\/le-architektur.ch\/wp-content\/uploads\/2024\/10\/Bild_Grotto-scaled.jpg\" data-elementor-open-lightbox=\"yes\" data-elementor-lightbox-description=\"CAMPUS CULINARIO\" data-e-action-hash=\"#elementor-action%3Aaction%3Dlightbox%26settings%3DeyJpZCI6NjI4LCJ1cmwiOiJodHRwczpcL1wvbGUtYXJjaGl0ZWt0dXIuY2hcL3dwLWNvbnRlbnRcL3VwbG9hZHNcLzIwMjRcLzEwXC9CaWxkX0dyb3R0by1zY2FsZWQuanBnIn0%3D\">\n\t\t\t\t\t\t\t<img decoding=\"async\" src=\"https:\/\/le-architektur.ch\/wp-content\/uploads\/elementor\/thumbs\/Bild_Grotto-scaled-qw023ufcn0xqg8ztjo2mhssoeo6wduri8i0znk68ls.jpg\" title=\"Grotto\" alt=\"CAMPUS CULINARIO\" loading=\"lazy\" \/>\t\t\t\t\t\t\t\t<\/a>\n\t\t\t\t\t\t\t\t\t\t\t\t\t\t\t<\/div>\n\t\t\t\t<\/div>\n\t\t\t\t<\/div>\n\t\t<div class=\"elementor-element elementor-element-bd154b5 e-con-full e-flex e-con e-child\" data-id=\"bd154b5\" data-element_type=\"container\" data-e-type=\"container\">\n\t\t\t\t<div class=\"elementor-element elementor-element-5072af55 elementor-widget elementor-widget-image\" data-id=\"5072af55\" data-element_type=\"widget\" data-e-type=\"widget\" data-widget_type=\"image.default\">\n\t\t\t\t<div class=\"elementor-widget-container\">\n\t\t\t\t\t\t\t\t\t\t\t\t\t\t\t\t<a href=\"https:\/\/le-architektur.ch\/wp-content\/uploads\/2024\/10\/Bild_Treppenhaus-scaled.jpg\" data-elementor-open-lightbox=\"yes\" data-elementor-lightbox-description=\"CAMPUS CULINARIO\" data-e-action-hash=\"#elementor-action%3Aaction%3Dlightbox%26settings%3DeyJpZCI6NjI5LCJ1cmwiOiJodHRwczpcL1wvbGUtYXJjaGl0ZWt0dXIuY2hcL3dwLWNvbnRlbnRcL3VwbG9hZHNcLzIwMjRcLzEwXC9CaWxkX1RyZXBwZW5oYXVzLXNjYWxlZC5qcGcifQ%3D%3D\">\n\t\t\t\t\t\t\t<img decoding=\"async\" src=\"https:\/\/le-architektur.ch\/wp-content\/uploads\/elementor\/thumbs\/Bild_Treppenhaus-scaled-qw024oi6pq2wrrs4o12opl7ff02n862x0mwj0exn2o.jpg\" title=\"Treppenhaus\" alt=\"CAMPUS CULINARIO\" loading=\"lazy\" \/>\t\t\t\t\t\t\t\t<\/a>\n\t\t\t\t\t\t\t\t\t\t\t\t\t\t\t<\/div>\n\t\t\t\t<\/div>\n\t\t\t\t<\/div>\n\t\t<div class=\"elementor-element elementor-element-a6517d2 e-con-full e-flex e-con e-child\" data-id=\"a6517d2\" data-element_type=\"container\" data-e-type=\"container\">\n\t\t\t\t<div class=\"elementor-element elementor-element-6862f35 elementor-widget elementor-widget-image\" data-id=\"6862f35\" data-element_type=\"widget\" data-e-type=\"widget\" data-widget_type=\"image.default\">\n\t\t\t\t<div class=\"elementor-widget-container\">\n\t\t\t\t\t\t\t\t\t\t\t\t\t\t\t\t<a href=\"https:\/\/le-architektur.ch\/wp-content\/uploads\/2024\/10\/Fassadenmodell_Eberhart_Lars-scaled.jpg\" data-elementor-open-lightbox=\"yes\" data-elementor-lightbox-description=\"CAMPUS CULINARIO\" data-e-action-hash=\"#elementor-action%3Aaction%3Dlightbox%26settings%3DeyJpZCI6NjI2LCJ1cmwiOiJodHRwczpcL1wvbGUtYXJjaGl0ZWt0dXIuY2hcL3dwLWNvbnRlbnRcL3VwbG9hZHNcLzIwMjRcLzEwXC9GYXNzYWRlbm1vZGVsbF9FYmVyaGFydF9MYXJzLXNjYWxlZC5qcGcifQ%3D%3D\">\n\t\t\t\t\t\t\t<img decoding=\"async\" src=\"https:\/\/le-architektur.ch\/wp-content\/uploads\/elementor\/thumbs\/Fassadenmodell_Eberhart_Lars-scaled-qw022wl5szneuacz19g201c30stoor163ujidlkets.jpg\" title=\"Fassadenmodell\" alt=\"CAMPUS CULINARIO\" loading=\"lazy\" \/>\t\t\t\t\t\t\t\t<\/a>\n\t\t\t\t\t\t\t\t\t\t\t\t\t\t\t<\/div>\n\t\t\t\t<\/div>\n\t\t\t\t<\/div>\n\t\t\t\t\t<\/div>\n\t\t\t\t<\/div>\n\t\t<div class=\"elementor-element elementor-element-78b7c2d e-flex e-con-boxed e-con e-parent\" data-id=\"78b7c2d\" data-element_type=\"container\" data-e-type=\"container\">\n\t\t\t\t\t<div class=\"e-con-inner\">\n\t\t<div class=\"elementor-element elementor-element-2ca0bd1 e-con-full e-flex e-con e-child\" data-id=\"2ca0bd1\" data-element_type=\"container\" data-e-type=\"container\">\n\t\t\t\t<div class=\"elementor-element elementor-element-331fe6c elementor-widget elementor-widget-image\" data-id=\"331fe6c\" data-element_type=\"widget\" data-e-type=\"widget\" data-widget_type=\"image.default\">\n\t\t\t\t<div class=\"elementor-widget-container\">\n\t\t\t\t\t\t\t\t\t\t\t\t\t\t\t\t<a href=\"https:\/\/le-architektur.ch\/wp-content\/uploads\/2024\/11\/Campus-Culinario-EG-scaled.jpg\" data-elementor-open-lightbox=\"yes\" data-e-action-hash=\"#elementor-action%3Aaction%3Dlightbox%26settings%3DeyJpZCI6NzM5LCJ1cmwiOiJodHRwczpcL1wvbGUtYXJjaGl0ZWt0dXIuY2hcL3dwLWNvbnRlbnRcL3VwbG9hZHNcLzIwMjRcLzExXC9DYW1wdXMtQ3VsaW5hcmlvLUVHLXNjYWxlZC5qcGcifQ%3D%3D\">\n\t\t\t\t\t\t\t<img decoding=\"async\" src=\"https:\/\/le-architektur.ch\/wp-content\/uploads\/elementor\/thumbs\/Campus-Culinario-EG-scaled-qwlvxvwvjlvcoe4qkp0b9emuss6fy99m37da1o8w7k.jpg\" title=\"Campus Culinario EG\" alt=\"Campus Culinario EG\" loading=\"lazy\" \/>\t\t\t\t\t\t\t\t<\/a>\n\t\t\t\t\t\t\t\t\t\t\t\t\t\t\t<\/div>\n\t\t\t\t<\/div>\n\t\t\t\t<\/div>\n\t\t<div class=\"elementor-element elementor-element-8590764 e-con-full e-flex e-con e-child\" data-id=\"8590764\" data-element_type=\"container\" data-e-type=\"container\">\n\t\t\t\t<div class=\"elementor-element elementor-element-f8fe32a elementor-widget elementor-widget-image\" data-id=\"f8fe32a\" data-element_type=\"widget\" data-e-type=\"widget\" data-widget_type=\"image.default\">\n\t\t\t\t<div class=\"elementor-widget-container\">\n\t\t\t\t\t\t\t\t\t\t\t\t\t\t\t\t<a href=\"https:\/\/le-architektur.ch\/wp-content\/uploads\/2024\/11\/Campus-Culinario-OG2-scaled.jpg\" data-elementor-open-lightbox=\"yes\" data-e-action-hash=\"#elementor-action%3Aaction%3Dlightbox%26settings%3DeyJpZCI6NzM3LCJ1cmwiOiJodHRwczpcL1wvbGUtYXJjaGl0ZWt0dXIuY2hcL3dwLWNvbnRlbnRcL3VwbG9hZHNcLzIwMjRcLzExXC9DYW1wdXMtQ3VsaW5hcmlvLU9HMi1zY2FsZWQuanBnIn0%3D\">\n\t\t\t\t\t\t\t<img decoding=\"async\" src=\"https:\/\/le-architektur.ch\/wp-content\/uploads\/elementor\/thumbs\/Campus-Culinario-OG2-scaled-qwlvspstyesktln2rgk6jpll6hnrm6qrdm750vwufk.jpg\" title=\"Campus Culinario OG2\" alt=\"Campus Culinario OG2\" loading=\"lazy\" \/>\t\t\t\t\t\t\t\t<\/a>\n\t\t\t\t\t\t\t\t\t\t\t\t\t\t\t<\/div>\n\t\t\t\t<\/div>\n\t\t\t\t<\/div>\n\t\t<div class=\"elementor-element elementor-element-e78e2b2 e-con-full e-flex e-con e-child\" data-id=\"e78e2b2\" data-element_type=\"container\" data-e-type=\"container\">\n\t\t\t\t<div class=\"elementor-element elementor-element-5f7e39f elementor-widget elementor-widget-image\" data-id=\"5f7e39f\" data-element_type=\"widget\" data-e-type=\"widget\" data-widget_type=\"image.default\">\n\t\t\t\t<div class=\"elementor-widget-container\">\n\t\t\t\t\t\t\t\t\t\t\t\t\t\t\t\t<a href=\"https:\/\/le-architektur.ch\/wp-content\/uploads\/2024\/11\/Campus-Culinario-Fassadenaxo-scaled.jpg\" data-elementor-open-lightbox=\"yes\" data-e-action-hash=\"#elementor-action%3Aaction%3Dlightbox%26settings%3DeyJpZCI6NzM4LCJ1cmwiOiJodHRwczpcL1wvbGUtYXJjaGl0ZWt0dXIuY2hcL3dwLWNvbnRlbnRcL3VwbG9hZHNcLzIwMjRcLzExXC9DYW1wdXMtQ3VsaW5hcmlvLUZhc3NhZGVuYXhvLXNjYWxlZC5qcGcifQ%3D%3D\">\n\t\t\t\t\t\t\t<img decoding=\"async\" src=\"https:\/\/le-architektur.ch\/wp-content\/uploads\/elementor\/thumbs\/Campus-Culinario-Fassadenaxo-scaled-qwlvv3c58c1o646tvzj8cm0j8jy62n6c1dkbp2e0pc.jpg\" title=\"Campus Culinario Fassadenaxo\" alt=\"Campus Culinario Fassadenaxo\" loading=\"lazy\" \/>\t\t\t\t\t\t\t\t<\/a>\n\t\t\t\t\t\t\t\t\t\t\t\t\t\t\t<\/div>\n\t\t\t\t<\/div>\n\t\t\t\t<\/div>\n\t\t\t\t\t<\/div>\n\t\t\t\t<\/div>\n\t\t\t\t<\/div>\n\t\t","protected":false},"excerpt":{"rendered":"<p>CAMPUS CULINARIO &#8211; STUDIUM 2022 Projektphasen:&nbsp;Entwurf Bachelorarbeit in Locarno Der neue Campus Cullinario in Locarno entsteht neben der Piazza Grande. F\u00fcnf harmonisch in die Altstadt eingef\u00fcgte Geb\u00e4ude schaffen ein Netzwerk aus Wegen und Pl\u00e4tzen, das die Umgebung auflockert. Die Kochakademie verteilt sich auf zwei Geb\u00e4ude: Das gr\u00f6\u00dfere enth\u00e4lt Lehrk\u00fcchen und Restaurants mit Terrassen, die Einblicke [&hellip;]<\/p>\n","protected":false},"author":1,"featured_media":0,"parent":0,"menu_order":0,"comment_status":"closed","ping_status":"closed","template":"","meta":{"om_disable_all_campaigns":false,"_monsterinsights_skip_tracking":false,"_monsterinsights_sitenote_active":false,"_monsterinsights_sitenote_note":"","_monsterinsights_sitenote_category":0,"_uf_show_specific_survey":0,"_uf_disable_surveys":false,"footnotes":""},"class_list":["post-381","page","type-page","status-publish","hentry"],"aioseo_notices":[],"_links":{"self":[{"href":"https:\/\/le-architektur.ch\/index.php\/wp-json\/wp\/v2\/pages\/381","targetHints":{"allow":["GET"]}}],"collection":[{"href":"https:\/\/le-architektur.ch\/index.php\/wp-json\/wp\/v2\/pages"}],"about":[{"href":"https:\/\/le-architektur.ch\/index.php\/wp-json\/wp\/v2\/types\/page"}],"author":[{"embeddable":true,"href":"https:\/\/le-architektur.ch\/index.php\/wp-json\/wp\/v2\/users\/1"}],"replies":[{"embeddable":true,"href":"https:\/\/le-architektur.ch\/index.php\/wp-json\/wp\/v2\/comments?post=381"}],"version-history":[{"count":71,"href":"https:\/\/le-architektur.ch\/index.php\/wp-json\/wp\/v2\/pages\/381\/revisions"}],"predecessor-version":[{"id":1119,"href":"https:\/\/le-architektur.ch\/index.php\/wp-json\/wp\/v2\/pages\/381\/revisions\/1119"}],"wp:attachment":[{"href":"https:\/\/le-architektur.ch\/index.php\/wp-json\/wp\/v2\/media?parent=381"}],"curies":[{"name":"wp","href":"https:\/\/api.w.org\/{rel}","templated":true}]}}