{"id":527,"date":"2024-10-23T22:48:38","date_gmt":"2024-10-23T20:48:38","guid":{"rendered":"https:\/\/le-architektur.ch\/?page_id=527"},"modified":"2026-03-15T11:06:05","modified_gmt":"2026-03-15T10:06:05","slug":"elementor-527","status":"publish","type":"page","link":"https:\/\/le-architektur.ch\/index.php\/elementor-527\/","title":{"rendered":"PROJEKTE"},"content":{"rendered":"\t\t<div data-elementor-type=\"wp-page\" data-elementor-id=\"527\" class=\"elementor elementor-527\">\n\t\t\t\t<div class=\"elementor-element elementor-element-d6ddc07 e-flex e-con-boxed e-con e-parent\" data-id=\"d6ddc07\" data-element_type=\"container\" data-e-type=\"container\">\n\t\t\t\t\t<div class=\"e-con-inner\">\n\t\t<a class=\"elementor-element elementor-element-414cbed e-con-full e-flex e-con e-child\" data-id=\"414cbed\" data-element_type=\"container\" data-e-type=\"container\" data-settings=\"{&quot;background_background&quot;:&quot;classic&quot;}\" href=\"https:\/\/le-architektur.ch\/index.php\/neue-fensterfront-praz\/\">\n\t\t\t\t<div class=\"elementor-element elementor-element-ae3081c elementor-widget elementor-widget-heading\" data-id=\"ae3081c\" data-element_type=\"widget\" data-e-type=\"widget\" data-widget_type=\"heading.default\">\n\t\t\t\t<div class=\"elementor-widget-container\">\n\t\t\t\t\t<h2 class=\"elementor-heading-title elementor-size-default\">NEUE FENSTERFRONT   WOHNZIMMER<\/h2>\t\t\t\t<\/div>\n\t\t\t\t<\/div>\n\t\t\t\t<\/a>\n\t\t\t\t\t<\/div>\n\t\t\t\t<\/div>\n\t\t<div class=\"elementor-element elementor-element-4dfd339 e-flex e-con-boxed e-con e-parent\" data-id=\"4dfd339\" data-element_type=\"container\" data-e-type=\"container\">\n\t\t\t\t\t<div class=\"e-con-inner\">\n\t\t<a class=\"elementor-element elementor-element-f9ded17 e-con-full e-flex e-con e-child\" data-id=\"f9ded17\" data-element_type=\"container\" data-e-type=\"container\" data-settings=\"{&quot;background_background&quot;:&quot;classic&quot;}\" href=\"https:\/\/le-architektur.ch\/index.php\/campus-culinario\/\">\n\t\t\t\t<div class=\"elementor-element elementor-element-da6148d elementor-widget elementor-widget-heading\" data-id=\"da6148d\" data-element_type=\"widget\" data-e-type=\"widget\" data-widget_type=\"heading.default\">\n\t\t\t\t<div class=\"elementor-widget-container\">\n\t\t\t\t\t<h2 class=\"elementor-heading-title elementor-size-default\">UMBAU   DACHGESCHOSS<\/h2>\t\t\t\t<\/div>\n\t\t\t\t<\/div>\n\t\t\t\t<\/a>\n\t\t\t\t\t<\/div>\n\t\t\t\t<\/div>\n\t\t<div class=\"elementor-element elementor-element-19b25a31 e-flex e-con-boxed e-con e-parent\" data-id=\"19b25a31\" data-element_type=\"container\" data-e-type=\"container\">\n\t\t\t\t\t<div class=\"e-con-inner\">\n\t\t<a class=\"elementor-element elementor-element-9e113c2 e-con-full e-flex e-con e-child\" data-id=\"9e113c2\" data-element_type=\"container\" data-e-type=\"container\" data-settings=\"{&quot;background_background&quot;:&quot;classic&quot;}\" href=\"https:\/\/le-architektur.ch\/index.php\/richtprojekt-luppmen\/\">\n\t\t\t\t<div class=\"elementor-element elementor-element-8d91c52 elementor-widget elementor-widget-heading\" data-id=\"8d91c52\" data-element_type=\"widget\" data-e-type=\"widget\" data-widget_type=\"heading.default\">\n\t\t\t\t<div class=\"elementor-widget-container\">\n\t\t\t\t\t<h2 class=\"elementor-heading-title elementor-size-default\">RICHTPROJEKT  LUPPMEN<\/h2>\t\t\t\t<\/div>\n\t\t\t\t<\/div>\n\t\t\t\t<\/a>\n\t\t\t\t\t<\/div>\n\t\t\t\t<\/div>\n\t\t<div class=\"elementor-element elementor-element-6f7954dd e-flex e-con-boxed e-con e-parent\" data-id=\"6f7954dd\" data-element_type=\"container\" data-e-type=\"container\">\n\t\t\t\t\t<div class=\"e-con-inner\">\n\t\t<a class=\"elementor-element elementor-element-28b506e5 e-con-full e-flex e-con e-child\" data-id=\"28b506e5\" data-element_type=\"container\" data-e-type=\"container\" data-settings=\"{&quot;background_background&quot;:&quot;classic&quot;}\" href=\"https:\/\/le-architektur.ch\/index.php\/elementor-187\/\">\n\t\t\t\t<div class=\"elementor-element elementor-element-5cabce51 elementor-widget elementor-widget-heading\" data-id=\"5cabce51\" data-element_type=\"widget\" data-e-type=\"widget\" data-widget_type=\"heading.default\">\n\t\t\t\t<div class=\"elementor-widget-container\">\n\t\t\t\t\t<h2 class=\"elementor-heading-title elementor-size-default\">PR\u00c4Z<\/h2>\t\t\t\t<\/div>\n\t\t\t\t<\/div>\n\t\t\t\t<\/a>\n\t\t\t\t\t<\/div>\n\t\t\t\t<\/div>\n\t\t<div class=\"elementor-element elementor-element-3149d0ed e-flex e-con-boxed e-con e-parent\" data-id=\"3149d0ed\" data-element_type=\"container\" data-e-type=\"container\">\n\t\t\t\t\t<div class=\"e-con-inner\">\n\t\t<a class=\"elementor-element elementor-element-18fdf683 e-con-full e-flex e-con e-child\" data-id=\"18fdf683\" data-element_type=\"container\" data-e-type=\"container\" data-settings=\"{&quot;background_background&quot;:&quot;classic&quot;}\" href=\"https:\/\/le-architektur.ch\/index.php\/weiteres\/\">\n\t\t\t\t<div class=\"elementor-element elementor-element-23f12e90 elementor-widget elementor-widget-heading\" data-id=\"23f12e90\" data-element_type=\"widget\" data-e-type=\"widget\" data-widget_type=\"heading.default\">\n\t\t\t\t<div class=\"elementor-widget-container\">\n\t\t\t\t\t<h2 class=\"elementor-heading-title elementor-size-default\">CAMPUS CULINARIO<\/h2>\t\t\t\t<\/div>\n\t\t\t\t<\/div>\n\t\t\t\t<\/a>\n\t\t\t\t\t<\/div>\n\t\t\t\t<\/div>\n\t\t<div class=\"elementor-element elementor-element-92df8ff e-flex e-con-boxed e-con e-parent\" data-id=\"92df8ff\" data-element_type=\"container\" data-e-type=\"container\">\n\t\t\t\t\t<div class=\"e-con-inner\">\n\t\t<a class=\"elementor-element elementor-element-76e5568 e-con-full e-flex e-con e-child\" data-id=\"76e5568\" data-element_type=\"container\" data-e-type=\"container\" data-settings=\"{&quot;background_background&quot;:&quot;classic&quot;}\" href=\"https:\/\/le-architektur.ch\/index.php\/schulerweiterung-riva-san-vitale\/\">\n\t\t\t\t<div class=\"elementor-element elementor-element-8ede5ac elementor-widget elementor-widget-heading\" data-id=\"8ede5ac\" data-element_type=\"widget\" data-e-type=\"widget\" data-widget_type=\"heading.default\">\n\t\t\t\t<div class=\"elementor-widget-container\">\n\t\t\t\t\t<h2 class=\"elementor-heading-title elementor-size-default\">SCHULHAUSERWEITERUNG    RIVA SAN VITALE<\/h2>\t\t\t\t<\/div>\n\t\t\t\t<\/div>\n\t\t\t\t<\/a>\n\t\t\t\t\t<\/div>\n\t\t\t\t<\/div>\n\t\t<div class=\"elementor-element elementor-element-58b56e9 e-flex e-con-boxed e-con e-parent\" data-id=\"58b56e9\" data-element_type=\"container\" data-e-type=\"container\">\n\t\t\t\t\t<div class=\"e-con-inner\">\n\t\t\t\t<div class=\"elementor-element elementor-element-bb4719a elementor-widget elementor-widget-heading\" data-id=\"bb4719a\" data-element_type=\"widget\" data-e-type=\"widget\" data-widget_type=\"heading.default\">\n\t\t\t\t<div class=\"elementor-widget-container\">\n\t\t\t\t\t<h2 class=\"elementor-heading-title elementor-size-default\"><br><br><br><br><br><br><br><br><br><br><br><br><br><br><br><br><br><br>LE-DESIGN<\/h2>\t\t\t\t<\/div>\n\t\t\t\t<\/div>\n\t\t\t\t\t<\/div>\n\t\t\t\t<\/div>\n\t\t<div class=\"elementor-element elementor-element-0380cdf e-grid e-con-boxed e-con e-parent\" data-id=\"0380cdf\" data-element_type=\"container\" data-e-type=\"container\">\n\t\t\t\t\t<div class=\"e-con-inner\">\n\t\t\t\t<div class=\"elementor-element elementor-element-feb7c8a elementor-widget elementor-widget-image\" data-id=\"feb7c8a\" data-element_type=\"widget\" data-e-type=\"widget\" data-widget_type=\"image.default\">\n\t\t\t\t<div class=\"elementor-widget-container\">\n\t\t\t\t\t\t\t\t\t\t\t\t<figure class=\"wp-caption\">\n\t\t\t\t\t\t\t\t\t\t\t<a href=\"https:\/\/le-architektur.ch\/wp-content\/uploads\/2025\/12\/IMG_2882-scaled.jpg\" data-elementor-open-lightbox=\"yes\" data-e-action-hash=\"#elementor-action%3Aaction%3Dlightbox%26settings%3DeyJpZCI6MTE2MSwidXJsIjoiaHR0cHM6XC9cL2xlLWFyY2hpdGVrdHVyLmNoXC93cC1jb250ZW50XC91cGxvYWRzXC8yMDI1XC8xMlwvSU1HXzI4ODItc2NhbGVkLmpwZyJ9\">\n\t\t\t\t\t\t\t<img decoding=\"async\" src=\"https:\/\/le-architektur.ch\/wp-content\/uploads\/elementor\/thumbs\/IMG_2882-scaled-rgeae74ggi2813l3qqb4jcrp82h2xlcekv1e2p6rdc.jpg\" title=\"IMG_2882\" alt=\"IMG_2882\" loading=\"lazy\" \/>\t\t\t\t\t\t\t\t<\/a>\n\t\t\t\t\t\t\t\t\t\t\t<figcaption class=\"widget-image-caption wp-caption-text\"><\/figcaption>\n\t\t\t\t\t\t\t\t\t\t<\/figure>\n\t\t\t\t\t\t\t\t\t<\/div>\n\t\t\t\t<\/div>\n\t\t\t\t<div class=\"elementor-element elementor-element-f2bb8c5 elementor-widget elementor-widget-image\" data-id=\"f2bb8c5\" data-element_type=\"widget\" data-e-type=\"widget\" data-widget_type=\"image.default\">\n\t\t\t\t<div class=\"elementor-widget-container\">\n\t\t\t\t\t\t\t\t\t\t\t\t<figure class=\"wp-caption\">\n\t\t\t\t\t\t\t\t\t\t\t<a href=\"https:\/\/le-architektur.ch\/wp-content\/uploads\/2025\/12\/Generated-Image-December-19-2025-10_28AM.jpeg\" data-elementor-open-lightbox=\"yes\" data-elementor-lightbox-description=\"ARBEITSTISCH\" data-e-action-hash=\"#elementor-action%3Aaction%3Dlightbox%26settings%3DeyJpZCI6MTE1NywidXJsIjoiaHR0cHM6XC9cL2xlLWFyY2hpdGVrdHVyLmNoXC93cC1jb250ZW50XC91cGxvYWRzXC8yMDI1XC8xMlwvR2VuZXJhdGVkLUltYWdlLURlY2VtYmVyLTE5LTIwMjUtMTBfMjhBTS5qcGVnIn0%3D\">\n\t\t\t\t\t\t\t<img decoding=\"async\" src=\"https:\/\/le-architektur.ch\/wp-content\/uploads\/elementor\/thumbs\/Generated-Image-December-19-2025-10_28AM-rge82o6pxmxiqir427ofcuprv3y9a3jcvnhxp4jy94.jpeg\" title=\"Generated Image December 19, 2025 &#8211; 10_28AM\" alt=\"ARBEITSTISCH\" loading=\"lazy\" \/>\t\t\t\t\t\t\t\t<\/a>\n\t\t\t\t\t\t\t\t\t\t\t<figcaption class=\"widget-image-caption wp-caption-text\">ARBEITSTISCH<\/figcaption>\n\t\t\t\t\t\t\t\t\t\t<\/figure>\n\t\t\t\t\t\t\t\t\t<\/div>\n\t\t\t\t<\/div>\n\t\t\t\t<div class=\"elementor-element elementor-element-da3649f elementor-widget elementor-widget-image\" data-id=\"da3649f\" data-element_type=\"widget\" data-e-type=\"widget\" data-widget_type=\"image.default\">\n\t\t\t\t<div class=\"elementor-widget-container\">\n\t\t\t\t\t\t\t\t\t\t\t\t<figure class=\"wp-caption\">\n\t\t\t\t\t\t\t\t\t\t\t<a href=\"https:\/\/le-architektur.ch\/wp-content\/uploads\/2025\/12\/DSC01925-scaled.jpg\" data-elementor-open-lightbox=\"yes\" data-elementor-lightbox-description=\"SOFA\" data-e-action-hash=\"#elementor-action%3Aaction%3Dlightbox%26settings%3DeyJpZCI6MTE2MCwidXJsIjoiaHR0cHM6XC9cL2xlLWFyY2hpdGVrdHVyLmNoXC93cC1jb250ZW50XC91cGxvYWRzXC8yMDI1XC8xMlwvRFNDMDE5MjUtc2NhbGVkLmpwZyJ9\">\n\t\t\t\t\t\t\t<img decoding=\"async\" src=\"https:\/\/le-architektur.ch\/wp-content\/uploads\/elementor\/thumbs\/DSC01925-scaled-rgea3ws1nrz8yqj1ta848y83696goui5ty02zofvgw.jpg\" title=\"DSC01925\" alt=\"SOFA\" loading=\"lazy\" \/>\t\t\t\t\t\t\t\t<\/a>\n\t\t\t\t\t\t\t\t\t\t\t<figcaption class=\"widget-image-caption wp-caption-text\">SOFA<\/figcaption>\n\t\t\t\t\t\t\t\t\t\t<\/figure>\n\t\t\t\t\t\t\t\t\t<\/div>\n\t\t\t\t<\/div>\n\t\t\t\t\t<\/div>\n\t\t\t\t<\/div>\n\t\t<div class=\"elementor-element elementor-element-7fa2761 e-grid e-con-boxed e-con e-parent\" data-id=\"7fa2761\" data-element_type=\"container\" data-e-type=\"container\">\n\t\t\t\t\t<div class=\"e-con-inner\">\n\t\t\t\t<div class=\"elementor-element elementor-element-557c954 elementor-widget elementor-widget-image\" data-id=\"557c954\" data-element_type=\"widget\" data-e-type=\"widget\" data-widget_type=\"image.default\">\n\t\t\t\t<div class=\"elementor-widget-container\">\n\t\t\t\t\t\t\t\t\t\t\t\t<figure class=\"wp-caption\">\n\t\t\t\t\t\t\t\t\t\t\t<a href=\"https:\/\/le-architektur.ch\/wp-content\/uploads\/2024\/11\/DSC09557-scaled.jpg\" data-elementor-open-lightbox=\"yes\" data-elementor-lightbox-description=\"EICHENDOSE - MIT LASERGRAVUR\n\" data-e-action-hash=\"#elementor-action%3Aaction%3Dlightbox%26settings%3DeyJpZCI6MTEzMiwidXJsIjoiaHR0cHM6XC9cL2xlLWFyY2hpdGVrdHVyLmNoXC93cC1jb250ZW50XC91cGxvYWRzXC8yMDI0XC8xMVwvRFNDMDk1NTctc2NhbGVkLmpwZyJ9\">\n\t\t\t\t\t\t\t<img decoding=\"async\" src=\"https:\/\/le-architektur.ch\/wp-content\/uploads\/elementor\/thumbs\/DSC09557-scaled-qxo0zolsmvjbf6ld9zvbeywdhz01jk4upzg6ye6zv4.jpg\" title=\"DSC09557\" alt=\"EICHENDOSE - MIT LASERGRAVUR\" loading=\"lazy\" \/>\t\t\t\t\t\t\t\t<\/a>\n\t\t\t\t\t\t\t\t\t\t\t<figcaption class=\"widget-image-caption wp-caption-text\">EICHENDOSE - MIT LASERGRAVUR\n<\/figcaption>\n\t\t\t\t\t\t\t\t\t\t<\/figure>\n\t\t\t\t\t\t\t\t\t<\/div>\n\t\t\t\t<\/div>\n\t\t\t\t<div class=\"elementor-element elementor-element-3e42b73 elementor-widget elementor-widget-image\" data-id=\"3e42b73\" data-element_type=\"widget\" data-e-type=\"widget\" data-widget_type=\"image.default\">\n\t\t\t\t<div class=\"elementor-widget-container\">\n\t\t\t\t\t\t\t\t\t\t\t\t<figure class=\"wp-caption\">\n\t\t\t\t\t\t\t\t\t\t\t<a href=\"https:\/\/le-architektur.ch\/wp-content\/uploads\/2024\/11\/DSC09274-scaled.jpg\" data-elementor-open-lightbox=\"yes\" data-elementor-lightbox-description=\"KUMIKO LAMPE\" data-e-action-hash=\"#elementor-action%3Aaction%3Dlightbox%26settings%3DeyJpZCI6OTU5LCJ1cmwiOiJodHRwczpcL1wvbGUtYXJjaGl0ZWt0dXIuY2hcL3dwLWNvbnRlbnRcL3VwbG9hZHNcLzIwMjRcLzExXC9EU0MwOTI3NC1zY2FsZWQuanBnIn0%3D\">\n\t\t\t\t\t\t\t<img decoding=\"async\" src=\"https:\/\/le-architektur.ch\/wp-content\/uploads\/elementor\/thumbs\/DSC09274-scaled-qwvee9ftfehk9ah7ipazfdth0j6mrm2b2zyue8uakw.jpg\" title=\"DSC09274\" alt=\"KUMIKO LAMPE\" loading=\"lazy\" \/>\t\t\t\t\t\t\t\t<\/a>\n\t\t\t\t\t\t\t\t\t\t\t<figcaption class=\"widget-image-caption wp-caption-text\">KUMIKO LAMPE<\/figcaption>\n\t\t\t\t\t\t\t\t\t\t<\/figure>\n\t\t\t\t\t\t\t\t\t<\/div>\n\t\t\t\t<\/div>\n\t\t\t\t<div class=\"elementor-element elementor-element-039aa32 elementor-widget elementor-widget-image\" data-id=\"039aa32\" data-element_type=\"widget\" data-e-type=\"widget\" data-widget_type=\"image.default\">\n\t\t\t\t<div class=\"elementor-widget-container\">\n\t\t\t\t\t\t\t\t\t\t\t\t<figure class=\"wp-caption\">\n\t\t\t\t\t\t\t\t\t\t\t<a href=\"https:\/\/le-architektur.ch\/wp-content\/uploads\/2024\/11\/DSC09260.jpg\" data-elementor-open-lightbox=\"yes\" data-elementor-lightbox-description=\"KUMIKO LAMPE\" data-e-action-hash=\"#elementor-action%3Aaction%3Dlightbox%26settings%3DeyJpZCI6MTEzNCwidXJsIjoiaHR0cHM6XC9cL2xlLWFyY2hpdGVrdHVyLmNoXC93cC1jb250ZW50XC91cGxvYWRzXC8yMDI0XC8xMVwvRFNDMDkyNjAtc2NhbGVkLmpwZyJ9\">\n\t\t\t\t\t\t\t<img decoding=\"async\" src=\"https:\/\/le-architektur.ch\/wp-content\/uploads\/elementor\/thumbs\/DSC09260-scaled-qxo13gwe5upw6n3e64s7yii7muc9jo5xkq1ljikwsw.jpg\" title=\"DSC09260\" alt=\"KUMIKO LAMPE\" loading=\"lazy\" \/>\t\t\t\t\t\t\t\t<\/a>\n\t\t\t\t\t\t\t\t\t\t\t<figcaption class=\"widget-image-caption wp-caption-text\">KUMIKO LAMPE<\/figcaption>\n\t\t\t\t\t\t\t\t\t\t<\/figure>\n\t\t\t\t\t\t\t\t\t<\/div>\n\t\t\t\t<\/div>\n\t\t\t\t\t<\/div>\n\t\t\t\t<\/div>\n\t\t<div class=\"elementor-element elementor-element-b75540a e-grid e-con-boxed e-con e-parent\" data-id=\"b75540a\" data-element_type=\"container\" data-e-type=\"container\">\n\t\t\t\t\t<div class=\"e-con-inner\">\n\t\t\t\t<div class=\"elementor-element elementor-element-e463410 elementor-widget elementor-widget-image\" data-id=\"e463410\" data-element_type=\"widget\" data-e-type=\"widget\" data-widget_type=\"image.default\">\n\t\t\t\t<div class=\"elementor-widget-container\">\n\t\t\t\t\t\t\t\t\t\t\t\t<figure class=\"wp-caption\">\n\t\t\t\t\t\t\t\t\t\t\t<a href=\"https:\/\/le-architektur.ch\/wp-content\/uploads\/2024\/11\/DSC09389-scaled.jpg\" data-elementor-open-lightbox=\"yes\" data-elementor-lightbox-description=\"GEW\u00dcRZBEH\u00c4LTER - BERG\" data-e-action-hash=\"#elementor-action%3Aaction%3Dlightbox%26settings%3DeyJpZCI6MTEzNiwidXJsIjoiaHR0cHM6XC9cL2xlLWFyY2hpdGVrdHVyLmNoXC93cC1jb250ZW50XC91cGxvYWRzXC8yMDI0XC8xMVwvRFNDMDkzODktc2NhbGVkLmpwZyJ9\">\n\t\t\t\t\t\t\t<img decoding=\"async\" src=\"https:\/\/le-architektur.ch\/wp-content\/uploads\/elementor\/thumbs\/DSC09389-scaled-qxo17cycg61m8jfygbbms15w595yeklxrz8y1qt91s.jpg\" title=\"DSC09389\" alt=\"GEW\u00dcRZBEH\u00c4LTER - BERG\" loading=\"lazy\" \/>\t\t\t\t\t\t\t\t<\/a>\n\t\t\t\t\t\t\t\t\t\t\t<figcaption class=\"widget-image-caption wp-caption-text\">GEW\u00dcRZBEH\u00c4LTER - BERG<\/figcaption>\n\t\t\t\t\t\t\t\t\t\t<\/figure>\n\t\t\t\t\t\t\t\t\t<\/div>\n\t\t\t\t<\/div>\n\t\t\t\t<div class=\"elementor-element elementor-element-0a7c6d5 elementor-widget elementor-widget-image\" data-id=\"0a7c6d5\" data-element_type=\"widget\" data-e-type=\"widget\" data-widget_type=\"image.default\">\n\t\t\t\t<div class=\"elementor-widget-container\">\n\t\t\t\t\t\t\t\t\t\t\t\t<figure class=\"wp-caption\">\n\t\t\t\t\t\t\t\t\t\t\t<a href=\"https:\/\/le-architektur.ch\/wp-content\/uploads\/2024\/11\/DSC09394-scaled.jpg\" data-elementor-open-lightbox=\"yes\" data-elementor-lightbox-description=\"GEW\u00dcRZBEH\u00c4LTER - BERG\" data-e-action-hash=\"#elementor-action%3Aaction%3Dlightbox%26settings%3DeyJpZCI6OTYwLCJ1cmwiOiJodHRwczpcL1wvbGUtYXJjaGl0ZWt0dXIuY2hcL3dwLWNvbnRlbnRcL3VwbG9hZHNcLzIwMjRcLzExXC9EU0MwOTM5NC1zY2FsZWQuanBnIn0%3D\">\n\t\t\t\t\t\t\t<img decoding=\"async\" src=\"https:\/\/le-architektur.ch\/wp-content\/uploads\/elementor\/thumbs\/DSC09394-scaled-qwvef1mz4fk5xlc8y1hsi6pau3bn6j696vjesjohe8.jpg\" title=\"DSC09394\" alt=\"GEW\u00dcRZBEH\u00c4LTER - BERG\" loading=\"lazy\" \/>\t\t\t\t\t\t\t\t<\/a>\n\t\t\t\t\t\t\t\t\t\t\t<figcaption class=\"widget-image-caption wp-caption-text\">GEW\u00dcRZBEH\u00c4LTER - BERG<\/figcaption>\n\t\t\t\t\t\t\t\t\t\t<\/figure>\n\t\t\t\t\t\t\t\t\t<\/div>\n\t\t\t\t<\/div>\n\t\t\t\t<div class=\"elementor-element elementor-element-65a3857 elementor-widget elementor-widget-image\" data-id=\"65a3857\" data-element_type=\"widget\" data-e-type=\"widget\" data-widget_type=\"image.default\">\n\t\t\t\t<div class=\"elementor-widget-container\">\n\t\t\t\t\t\t\t\t\t\t\t\t<figure class=\"wp-caption\">\n\t\t\t\t\t\t\t\t\t\t\t<a href=\"https:\/\/le-architektur.ch\/wp-content\/uploads\/2024\/11\/DSC09435-scaled.jpg\" data-elementor-open-lightbox=\"yes\" data-elementor-lightbox-description=\"BLUMENTOPF\" data-e-action-hash=\"#elementor-action%3Aaction%3Dlightbox%26settings%3DeyJpZCI6OTYyLCJ1cmwiOiJodHRwczpcL1wvbGUtYXJjaGl0ZWt0dXIuY2hcL3dwLWNvbnRlbnRcL3VwbG9hZHNcLzIwMjRcLzExXC9EU0MwOTQzNS1zY2FsZWQuanBnIn0%3D\">\n\t\t\t\t\t\t\t<img decoding=\"async\" src=\"https:\/\/le-architektur.ch\/wp-content\/uploads\/elementor\/thumbs\/DSC09435-scaled-qwvehf6aect9a3w02kgub348w5m1mzltumwlgq5no0.jpg\" title=\"DSC09435\" alt=\"BLUMENTOPF\" loading=\"lazy\" \/>\t\t\t\t\t\t\t\t<\/a>\n\t\t\t\t\t\t\t\t\t\t\t<figcaption class=\"widget-image-caption wp-caption-text\">BLUMENTOPF<\/figcaption>\n\t\t\t\t\t\t\t\t\t\t<\/figure>\n\t\t\t\t\t\t\t\t\t<\/div>\n\t\t\t\t<\/div>\n\t\t\t\t\t<\/div>\n\t\t\t\t<\/div>\n\t\t\t\t<\/div>\n\t\t","protected":false},"excerpt":{"rendered":"<p>NEUE FENSTERFRONT WOHNZIMMER UMBAU DACHGESCHOSS RICHTPROJEKT LUPPMEN PR\u00c4Z CAMPUS CULINARIO SCHULHAUSERWEITERUNG RIVA SAN VITALE LE-DESIGN ARBEITSTISCH SOFA EICHENDOSE &#8211; MIT LASERGRAVUR KUMIKO LAMPE KUMIKO LAMPE GEW\u00dcRZBEH\u00c4LTER &#8211; BERG GEW\u00dcRZBEH\u00c4LTER &#8211; BERG BLUMENTOPF<\/p>\n","protected":false},"author":1,"featured_media":0,"parent":0,"menu_order":0,"comment_status":"closed","ping_status":"closed","template":"","meta":{"om_disable_all_campaigns":false,"_monsterinsights_skip_tracking":false,"_monsterinsights_sitenote_active":false,"_monsterinsights_sitenote_note":"","_monsterinsights_sitenote_category":0,"_uf_show_specific_survey":0,"_uf_disable_surveys":false,"footnotes":""},"class_list":["post-527","page","type-page","status-publish","hentry"],"aioseo_notices":[],"_links":{"self":[{"href":"https:\/\/le-architektur.ch\/index.php\/wp-json\/wp\/v2\/pages\/527","targetHints":{"allow":["GET"]}}],"collection":[{"href":"https:\/\/le-architektur.ch\/index.php\/wp-json\/wp\/v2\/pages"}],"about":[{"href":"https:\/\/le-architektur.ch\/index.php\/wp-json\/wp\/v2\/types\/page"}],"author":[{"embeddable":true,"href":"https:\/\/le-architektur.ch\/index.php\/wp-json\/wp\/v2\/users\/1"}],"replies":[{"embeddable":true,"href":"https:\/\/le-architektur.ch\/index.php\/wp-json\/wp\/v2\/comments?post=527"}],"version-history":[{"count":170,"href":"https:\/\/le-architektur.ch\/index.php\/wp-json\/wp\/v2\/pages\/527\/revisions"}],"predecessor-version":[{"id":1245,"href":"https:\/\/le-architektur.ch\/index.php\/wp-json\/wp\/v2\/pages\/527\/revisions\/1245"}],"wp:attachment":[{"href":"https:\/\/le-architektur.ch\/index.php\/wp-json\/wp\/v2\/media?parent=527"}],"curies":[{"name":"wp","href":"https:\/\/api.w.org\/{rel}","templated":true}]}}