{"id":855,"date":"2024-11-10T22:41:04","date_gmt":"2024-11-10T21:41:04","guid":{"rendered":"https:\/\/le-architektur.ch\/?page_id=855"},"modified":"2024-11-13T22:28:52","modified_gmt":"2024-11-13T21:28:52","slug":"richtprojekt-luppmen","status":"publish","type":"page","link":"https:\/\/le-architektur.ch\/index.php\/richtprojekt-luppmen\/","title":{"rendered":"Richtprojekt Luppmen"},"content":{"rendered":"\t\t<div data-elementor-type=\"wp-page\" data-elementor-id=\"855\" class=\"elementor elementor-855\">\n\t\t\t\t<div class=\"elementor-element elementor-element-25bfc322 e-flex e-con-boxed e-con e-parent\" data-id=\"25bfc322\" data-element_type=\"container\" data-e-type=\"container\">\n\t\t\t\t\t<div class=\"e-con-inner\">\n\t\t\t\t<div class=\"elementor-element elementor-element-48025070 elementor-widget elementor-widget-heading\" data-id=\"48025070\" data-element_type=\"widget\" data-e-type=\"widget\" data-widget_type=\"heading.default\">\n\t\t\t\t<div class=\"elementor-widget-container\">\n\t\t\t\t\t<h2 class=\"elementor-heading-title elementor-size-default\">Richtprojekt Luppmen<\/h2>\t\t\t\t<\/div>\n\t\t\t\t<\/div>\n\t\t\t\t\t<\/div>\n\t\t\t\t<\/div>\n\t\t<div class=\"elementor-element elementor-element-4dca5707 e-flex e-con-boxed e-con e-parent\" data-id=\"4dca5707\" data-element_type=\"container\" data-e-type=\"container\">\n\t\t\t\t\t<div class=\"e-con-inner\">\n\t\t<div class=\"elementor-element elementor-element-4c70059d e-flex e-con-boxed e-con e-child\" data-id=\"4c70059d\" data-element_type=\"container\" data-e-type=\"container\">\n\t\t\t\t\t<div class=\"e-con-inner\">\n\t\t<div class=\"elementor-element elementor-element-214d9ab7 e-flex e-con-boxed e-con e-child\" data-id=\"214d9ab7\" data-element_type=\"container\" data-e-type=\"container\">\n\t\t\t\t\t<div class=\"e-con-inner\">\n\t\t\t\t<div class=\"elementor-element elementor-element-2f647355 elementor-widget elementor-widget-image\" data-id=\"2f647355\" data-element_type=\"widget\" data-e-type=\"widget\" data-widget_type=\"image.default\">\n\t\t\t\t<div class=\"elementor-widget-container\">\n\t\t\t\t\t\t\t\t\t\t\t\t\t\t\t\t<a href=\"https:\/\/le-architektur.ch\/wp-content\/uploads\/2024\/11\/Zuercherstrasse-scaled.jpg\" data-elementor-open-lightbox=\"yes\" data-e-action-hash=\"#elementor-action%3Aaction%3Dlightbox%26settings%3DeyJpZCI6ODY2LCJ1cmwiOiJodHRwczpcL1wvbGUtYXJjaGl0ZWt0dXIuY2hcL3dwLWNvbnRlbnRcL3VwbG9hZHNcLzIwMjRcLzExXC9adWVyY2hlcnN0cmFzc2Utc2NhbGVkLmpwZyJ9\">\n\t\t\t\t\t\t\t<img decoding=\"async\" src=\"https:\/\/le-architektur.ch\/wp-content\/uploads\/elementor\/thumbs\/Zuercherstrasse-scaled-qwvcgzpzrxmpqmewc40u45fk9lpfyu42168058ht1c.jpg\" title=\"Z\u00fcrcherstrasse\" alt=\"Z\u00fcrcherstrasse\" loading=\"lazy\" \/>\t\t\t\t\t\t\t\t<\/a>\n\t\t\t\t\t\t\t\t\t\t\t\t\t\t\t<\/div>\n\t\t\t\t<\/div>\n\t\t\t\t\t<\/div>\n\t\t\t\t<\/div>\n\t\t<div class=\"elementor-element elementor-element-98bdc9f e-con-full e-flex e-con e-child\" data-id=\"98bdc9f\" data-element_type=\"container\" data-e-type=\"container\">\n\t\t\t\t<div class=\"elementor-element elementor-element-222191a4 elementor-widget elementor-widget-image\" data-id=\"222191a4\" data-element_type=\"widget\" data-e-type=\"widget\" data-widget_type=\"image.default\">\n\t\t\t\t<div class=\"elementor-widget-container\">\n\t\t\t\t\t\t\t\t\t\t\t\t\t\t\t\t<a href=\"https:\/\/le-architektur.ch\/wp-content\/uploads\/2024\/11\/2302_RP_Luppmen_2D-scaled.jpg\" data-elementor-open-lightbox=\"yes\" data-e-action-hash=\"#elementor-action%3Aaction%3Dlightbox%26settings%3DeyJpZCI6ODcxLCJ1cmwiOiJodHRwczpcL1wvbGUtYXJjaGl0ZWt0dXIuY2hcL3dwLWNvbnRlbnRcL3VwbG9hZHNcLzIwMjRcLzExXC8yMzAyX1JQX0x1cHBtZW5fMkQtc2NhbGVkLmpwZyJ9\">\n\t\t\t\t\t\t\t<img decoding=\"async\" src=\"https:\/\/le-architektur.ch\/wp-content\/uploads\/elementor\/thumbs\/2302_RP_Luppmen_2D-scaled-qwvczh7q6mxq2jk8e3op5hhwuelbcji0ko3rx532o0.jpg\" title=\"2302_RP_Luppmen_2D\" alt=\"2302_RP_Luppmen_2D\" loading=\"lazy\" \/>\t\t\t\t\t\t\t\t<\/a>\n\t\t\t\t\t\t\t\t\t\t\t\t\t\t\t<\/div>\n\t\t\t\t<\/div>\n\t\t\t\t<\/div>\n\t\t\t\t\t<\/div>\n\t\t\t\t<\/div>\n\t\t<div class=\"elementor-element elementor-element-80931e2 e-transform e-flex e-con-boxed e-con e-child\" data-id=\"80931e2\" data-element_type=\"container\" data-e-type=\"container\" data-settings=\"{&quot;_transform_rotateZ_effect&quot;:{&quot;unit&quot;:&quot;px&quot;,&quot;size&quot;:&quot;&quot;,&quot;sizes&quot;:[]},&quot;_transform_rotateZ_effect_tablet&quot;:{&quot;unit&quot;:&quot;deg&quot;,&quot;size&quot;:&quot;&quot;,&quot;sizes&quot;:[]},&quot;_transform_rotateZ_effect_mobile&quot;:{&quot;unit&quot;:&quot;deg&quot;,&quot;size&quot;:&quot;&quot;,&quot;sizes&quot;:[]}}\">\n\t\t\t\t\t<div class=\"e-con-inner\">\n\t\t\t\t<div class=\"elementor-element elementor-element-594214e1 elementor-widget-mobile__width-initial elementor-widget elementor-widget-image\" data-id=\"594214e1\" data-element_type=\"widget\" data-e-type=\"widget\" data-widget_type=\"image.default\">\n\t\t\t\t<div class=\"elementor-widget-container\">\n\t\t\t\t\t\t\t\t\t\t\t\t\t\t\t\t<a href=\"https:\/\/le-architektur.ch\/wp-content\/uploads\/2024\/11\/IMG_2274-scaled.jpg\" data-elementor-open-lightbox=\"yes\" data-e-action-hash=\"#elementor-action%3Aaction%3Dlightbox%26settings%3DeyJpZCI6ODYzLCJ1cmwiOiJodHRwczpcL1wvbGUtYXJjaGl0ZWt0dXIuY2hcL3dwLWNvbnRlbnRcL3VwbG9hZHNcLzIwMjRcLzExXC9JTUdfMjI3NC1zY2FsZWQuanBnIn0%3D\">\n\t\t\t\t\t\t\t<img decoding=\"async\" src=\"https:\/\/le-architektur.ch\/wp-content\/uploads\/elementor\/thumbs\/IMG_2274-scaled-qwvcfmudwjwmvxsc45o50wcon982omj2l30cezzjw4.jpg\" title=\"IMG_2274\" alt=\"IMG_2274\" loading=\"lazy\" \/>\t\t\t\t\t\t\t\t<\/a>\n\t\t\t\t\t\t\t\t\t\t\t\t\t\t\t<\/div>\n\t\t\t\t<\/div>\n\t\t\t\t\t<\/div>\n\t\t\t\t<\/div>\n\t\t\t\t\t<\/div>\n\t\t\t\t<\/div>\n\t\t<div class=\"elementor-element elementor-element-d872be0 e-flex e-con-boxed e-con e-parent\" data-id=\"d872be0\" data-element_type=\"container\" data-e-type=\"container\">\n\t\t\t\t\t<div class=\"e-con-inner\">\n\t\t<div class=\"elementor-element elementor-element-eb86d5f e-con-full e-flex e-con e-child\" data-id=\"eb86d5f\" data-element_type=\"container\" data-e-type=\"container\">\n\t\t\t\t<div class=\"elementor-element elementor-element-4da4eff7 elementor-widget elementor-widget-text-editor\" data-id=\"4da4eff7\" data-element_type=\"widget\" data-e-type=\"widget\" data-widget_type=\"text-editor.default\">\n\t\t\t\t<div class=\"elementor-widget-container\">\n\t\t\t\t\t\t\t\t\t<p>2022- jetzt<\/p><p><strong>Bauherrschaft:<\/strong>\u00a0Gemeinde Fehraltorf<\/p><p><strong>Raumplanung:<\/strong> e-10 Planning<\/p><p><strong>Projektphasen:<\/strong> Machbarkeitsstudie, Richtprojekt, Gestaltungsplan (Situationsplan)<\/p><p>Die Gemeinde Fehraltorf plant, die Industriezone entlang der Bahngleise k\u00fcnftig als gemischte Gewerbe- und Wohnzone zu nutzen. Nachdem ein Projekt auf einer einzelnen Parzelle in diesem Gebiet vom Kanton abgelehnt wurde, war es die Aufgabe eine umfassendere Studie f\u00fcr das ganze Areal zu erstellen. Durch die st\u00e4dtebauliche Anordnung l\u00e4nglicher Geb\u00e4ude quer zu den Gleisen soll eine Verbindung zum Gr\u00fcnraum entlang der Luppmenstra\u00dfe entstehen. Das Sockelgeschoss mit Parkpl\u00e4tzen dient als Schallschutz gegen die Gleise. Das begehbare und begr\u00fcnte Dach des Sockels f\u00f6rdert die Aufenthaltsqualit\u00e4t. Die Staffelung der Bauten bringt Leichtigkeit in die schmale Parzelle. Mit Pflanzenelementen und Photovoltaikanlagen wird eine zukunftsorientierte Entwicklung angestrebt. Durch den Verzicht auf eine Tiefgarage k\u00f6nnen die Au\u00dfenh\u00f6fe stark begr\u00fcnt und zur Wasserretention genutzt werden.<\/p>\t\t\t\t\t\t\t\t<\/div>\n\t\t\t\t<\/div>\n\t\t\t\t<\/div>\n\t\t\t\t\t<\/div>\n\t\t\t\t<\/div>\n\t\t<div class=\"elementor-element elementor-element-5104fabd e-flex e-con-boxed e-con e-parent\" data-id=\"5104fabd\" data-element_type=\"container\" data-e-type=\"container\">\n\t\t\t\t\t<div class=\"e-con-inner\">\n\t\t<div class=\"elementor-element elementor-element-d802164 e-con-full e-flex e-con e-child\" data-id=\"d802164\" data-element_type=\"container\" data-e-type=\"container\">\n\t\t\t\t<div class=\"elementor-element elementor-element-d553d3f elementor-widget elementor-widget-image\" data-id=\"d553d3f\" data-element_type=\"widget\" data-e-type=\"widget\" data-widget_type=\"image.default\">\n\t\t\t\t<div class=\"elementor-widget-container\">\n\t\t\t\t\t\t\t\t\t\t\t\t\t\t\t\t<a href=\"https:\/\/le-architektur.ch\/wp-content\/uploads\/2024\/11\/Enscape_2024-10-09-23-14-18_BILD_1-scaled.jpg\" data-elementor-open-lightbox=\"yes\" data-e-action-hash=\"#elementor-action%3Aaction%3Dlightbox%26settings%3DeyJpZCI6ODYyLCJ1cmwiOiJodHRwczpcL1wvbGUtYXJjaGl0ZWt0dXIuY2hcL3dwLWNvbnRlbnRcL3VwbG9hZHNcLzIwMjRcLzExXC9FbnNjYXBlXzIwMjQtMTAtMDktMjMtMTQtMThfQklMRF8xLXNjYWxlZC5qcGcifQ%3D%3D\">\n\t\t\t\t\t\t\t<img decoding=\"async\" src=\"https:\/\/le-architektur.ch\/wp-content\/uploads\/elementor\/thumbs\/Enscape_2024-10-09-23-14-18_BILD_1-scaled-qwvcfdg63ha9huus6lriqf6qp6htmxvdkp8l0angow.jpg\" title=\"Enscape_2024-10-09-23-14-18_BILD_1\" alt=\"Enscape_2024-10-09-23-14-18_BILD_1\" loading=\"lazy\" \/>\t\t\t\t\t\t\t\t<\/a>\n\t\t\t\t\t\t\t\t\t\t\t\t\t\t\t<\/div>\n\t\t\t\t<\/div>\n\t\t\t\t<\/div>\n\t\t\t\t\t<\/div>\n\t\t\t\t<\/div>\n\t\t<div class=\"elementor-element elementor-element-423a4a34 e-flex e-con-boxed e-con e-parent\" data-id=\"423a4a34\" data-element_type=\"container\" data-e-type=\"container\">\n\t\t\t\t\t<div class=\"e-con-inner\">\n\t\t<div class=\"elementor-element elementor-element-3c5bc91c e-con-full e-flex e-con e-child\" data-id=\"3c5bc91c\" data-element_type=\"container\" data-e-type=\"container\">\n\t\t\t\t<div class=\"elementor-element elementor-element-7c9c7f59 elementor-widget elementor-widget-image\" data-id=\"7c9c7f59\" data-element_type=\"widget\" data-e-type=\"widget\" data-widget_type=\"image.default\">\n\t\t\t\t<div class=\"elementor-widget-container\">\n\t\t\t\t\t\t\t\t\t\t\t\t\t\t\t\t<a href=\"https:\/\/le-architektur.ch\/wp-content\/uploads\/2024\/11\/2302_RP_Luppmen_2D-3-scaled.jpg\" data-elementor-open-lightbox=\"yes\" data-e-action-hash=\"#elementor-action%3Aaction%3Dlightbox%26settings%3DeyJpZCI6ODY3LCJ1cmwiOiJodHRwczpcL1wvbGUtYXJjaGl0ZWt0dXIuY2hcL3dwLWNvbnRlbnRcL3VwbG9hZHNcLzIwMjRcLzExXC8yMzAyX1JQX0x1cHBtZW5fMkQtMy1zY2FsZWQuanBnIn0%3D\">\n\t\t\t\t\t\t\t<img decoding=\"async\" src=\"https:\/\/le-architektur.ch\/wp-content\/uploads\/elementor\/thumbs\/2302_RP_Luppmen_2D-3-scaled-qwvcxpap9wjd28tnfhezi5al7w8rcwemuuqfc8rsi8.jpg\" title=\"2302_RP_Luppmen_2D-3\" alt=\"2302_RP_Luppmen_2D-3\" loading=\"lazy\" \/>\t\t\t\t\t\t\t\t<\/a>\n\t\t\t\t\t\t\t\t\t\t\t\t\t\t\t<\/div>\n\t\t\t\t<\/div>\n\t\t\t\t<\/div>\n\t\t<div class=\"elementor-element elementor-element-624f63b2 e-con-full e-flex e-con e-child\" data-id=\"624f63b2\" data-element_type=\"container\" data-e-type=\"container\">\n\t\t\t\t<div class=\"elementor-element elementor-element-3181e88 elementor-widget elementor-widget-image\" data-id=\"3181e88\" data-element_type=\"widget\" data-e-type=\"widget\" data-widget_type=\"image.default\">\n\t\t\t\t<div class=\"elementor-widget-container\">\n\t\t\t\t\t\t\t\t\t\t\t\t\t\t\t\t<a href=\"https:\/\/le-architektur.ch\/wp-content\/uploads\/2024\/11\/2302_RP_Luppmen_2D-4-scaled.jpg\" data-elementor-open-lightbox=\"yes\" data-e-action-hash=\"#elementor-action%3Aaction%3Dlightbox%26settings%3DeyJpZCI6ODY4LCJ1cmwiOiJodHRwczpcL1wvbGUtYXJjaGl0ZWt0dXIuY2hcL3dwLWNvbnRlbnRcL3VwbG9hZHNcLzIwMjRcLzExXC8yMzAyX1JQX0x1cHBtZW5fMkQtNC1zY2FsZWQuanBnIn0%3D\">\n\t\t\t\t\t\t\t<img decoding=\"async\" src=\"https:\/\/le-architektur.ch\/wp-content\/uploads\/elementor\/thumbs\/2302_RP_Luppmen_2D-4-scaled-qwvcy59yi358jm6fu6bn6j9fbg1zzr62l1tohy43kg.jpg\" title=\"2302_RP_Luppmen_2D-4\" alt=\"2302_RP_Luppmen_2D-4\" loading=\"lazy\" \/>\t\t\t\t\t\t\t\t<\/a>\n\t\t\t\t\t\t\t\t\t\t\t\t\t\t\t<\/div>\n\t\t\t\t<\/div>\n\t\t\t\t<\/div>\n\t\t<div class=\"elementor-element elementor-element-e5f811f e-con-full e-flex e-con e-child\" data-id=\"e5f811f\" data-element_type=\"container\" data-e-type=\"container\">\n\t\t\t\t<div class=\"elementor-element elementor-element-5111d94a elementor-widget elementor-widget-image\" data-id=\"5111d94a\" data-element_type=\"widget\" data-e-type=\"widget\" data-widget_type=\"image.default\">\n\t\t\t\t<div class=\"elementor-widget-container\">\n\t\t\t\t\t\t\t\t\t\t\t\t\t\t\t\t<a href=\"https:\/\/le-architektur.ch\/wp-content\/uploads\/2024\/11\/2302_RP_Luppmen_2D-6-scaled.jpg\" data-elementor-open-lightbox=\"yes\" data-e-action-hash=\"#elementor-action%3Aaction%3Dlightbox%26settings%3DeyJpZCI6ODcwLCJ1cmwiOiJodHRwczpcL1wvbGUtYXJjaGl0ZWt0dXIuY2hcL3dwLWNvbnRlbnRcL3VwbG9hZHNcLzIwMjRcLzExXC8yMzAyX1JQX0x1cHBtZW5fMkQtNi1zY2FsZWQuanBnIn0%3D\">\n\t\t\t\t\t\t\t<img decoding=\"async\" src=\"https:\/\/le-architektur.ch\/wp-content\/uploads\/elementor\/thumbs\/2302_RP_Luppmen_2D-6-scaled-qwvcz18gygczicw0nk4yjb73ijoh9goy1g06tcspow.jpg\" title=\"2302_RP_Luppmen_2D-6\" alt=\"2302_RP_Luppmen_2D-6\" loading=\"lazy\" \/>\t\t\t\t\t\t\t\t<\/a>\n\t\t\t\t\t\t\t\t\t\t\t\t\t\t\t<\/div>\n\t\t\t\t<\/div>\n\t\t\t\t<\/div>\n\t\t\t\t\t<\/div>\n\t\t\t\t<\/div>\n\t\t<div class=\"elementor-element elementor-element-5f89617c e-flex e-con-boxed e-con e-parent\" data-id=\"5f89617c\" data-element_type=\"container\" data-e-type=\"container\">\n\t\t\t\t\t<div class=\"e-con-inner\">\n\t\t<div class=\"elementor-element elementor-element-17f70ebc e-con-full e-flex e-con e-child\" data-id=\"17f70ebc\" data-element_type=\"container\" data-e-type=\"container\">\n\t\t\t\t<div class=\"elementor-element elementor-element-68765abc elementor-widget elementor-widget-image\" data-id=\"68765abc\" data-element_type=\"widget\" data-e-type=\"widget\" data-widget_type=\"image.default\">\n\t\t\t\t<div class=\"elementor-widget-container\">\n\t\t\t\t\t\t\t\t\t\t\t\t\t\t\t\t<a href=\"https:\/\/le-architektur.ch\/wp-content\/uploads\/2024\/11\/DSC00817-scaled.jpg\" data-elementor-open-lightbox=\"yes\" data-e-action-hash=\"#elementor-action%3Aaction%3Dlightbox%26settings%3DeyJpZCI6ODU4LCJ1cmwiOiJodHRwczpcL1wvbGUtYXJjaGl0ZWt0dXIuY2hcL3dwLWNvbnRlbnRcL3VwbG9hZHNcLzIwMjRcLzExXC9EU0MwMDgxNy1zY2FsZWQuanBnIn0%3D\">\n\t\t\t\t\t\t\t<img decoding=\"async\" src=\"https:\/\/le-architektur.ch\/wp-content\/uploads\/elementor\/thumbs\/DSC00817-scaled-qwvcdmgtab1v23zloayvqpp4el7hxnp1rh21agjjf4.jpg\" title=\"DSC00817\" alt=\"DSC00817\" loading=\"lazy\" \/>\t\t\t\t\t\t\t\t<\/a>\n\t\t\t\t\t\t\t\t\t\t\t\t\t\t\t<\/div>\n\t\t\t\t<\/div>\n\t\t\t\t<\/div>\n\t\t<div class=\"elementor-element elementor-element-2eb84c8e e-con-full e-flex e-con e-child\" data-id=\"2eb84c8e\" data-element_type=\"container\" data-e-type=\"container\">\n\t\t\t\t<div class=\"elementor-element elementor-element-56e1ea5 elementor-widget elementor-widget-image\" data-id=\"56e1ea5\" data-element_type=\"widget\" data-e-type=\"widget\" data-widget_type=\"image.default\">\n\t\t\t\t<div class=\"elementor-widget-container\">\n\t\t\t\t\t\t\t\t\t\t\t\t\t\t\t\t<a href=\"https:\/\/le-architektur.ch\/wp-content\/uploads\/2024\/11\/Luppmenstrasse-scaled.jpg\" data-elementor-open-lightbox=\"yes\" data-e-action-hash=\"#elementor-action%3Aaction%3Dlightbox%26settings%3DeyJpZCI6ODY1LCJ1cmwiOiJodHRwczpcL1wvbGUtYXJjaGl0ZWt0dXIuY2hcL3dwLWNvbnRlbnRcL3VwbG9hZHNcLzIwMjRcLzExXC9MdXBwbWVuc3RyYXNzZS1zY2FsZWQuanBnIn0%3D\">\n\t\t\t\t\t\t\t<img decoding=\"async\" src=\"https:\/\/le-architektur.ch\/wp-content\/uploads\/elementor\/thumbs\/Luppmenstrasse-scaled-qwvcgfzdsewtvzw57iul802wk7b50yw25fih4cd0r4.jpg\" title=\"Luppmenstrasse\" alt=\"Luppmenstrasse\" loading=\"lazy\" \/>\t\t\t\t\t\t\t\t<\/a>\n\t\t\t\t\t\t\t\t\t\t\t\t\t\t\t<\/div>\n\t\t\t\t<\/div>\n\t\t\t\t<\/div>\n\t\t<div class=\"elementor-element elementor-element-4e5e8fdb e-con-full e-flex e-con e-child\" data-id=\"4e5e8fdb\" data-element_type=\"container\" data-e-type=\"container\">\n\t\t\t\t<div class=\"elementor-element elementor-element-6942d781 elementor-widget elementor-widget-image\" data-id=\"6942d781\" data-element_type=\"widget\" data-e-type=\"widget\" data-widget_type=\"image.default\">\n\t\t\t\t<div class=\"elementor-widget-container\">\n\t\t\t\t\t\t\t\t\t\t\t\t\t\t\t\t<a href=\"https:\/\/le-architektur.ch\/wp-content\/uploads\/2024\/11\/1.Obergeschoss-scaled.jpg\" data-elementor-open-lightbox=\"yes\" data-e-action-hash=\"#elementor-action%3Aaction%3Dlightbox%26settings%3DeyJpZCI6ODU3LCJ1cmwiOiJodHRwczpcL1wvbGUtYXJjaGl0ZWt0dXIuY2hcL3dwLWNvbnRlbnRcL3VwbG9hZHNcLzIwMjRcLzExXC8xLk9iZXJnZXNjaG9zcy1zY2FsZWQuanBnIn0%3D\">\n\t\t\t\t\t\t\t<img decoding=\"async\" src=\"https:\/\/le-architektur.ch\/wp-content\/uploads\/elementor\/thumbs\/1.Obergeschoss-scaled-qwvcd1sd3y9jyotn12137uwzc41f8beycmpcqde780.jpg\" title=\"1.Obergeschoss\" alt=\"1.Obergeschoss\" loading=\"lazy\" \/>\t\t\t\t\t\t\t\t<\/a>\n\t\t\t\t\t\t\t\t\t\t\t\t\t\t\t<\/div>\n\t\t\t\t<\/div>\n\t\t\t\t<\/div>\n\t\t\t\t\t<\/div>\n\t\t\t\t<\/div>\n\t\t\t\t<\/div>\n\t\t","protected":false},"excerpt":{"rendered":"<p>Richtprojekt Luppmen 2022- jetzt Bauherrschaft:\u00a0Gemeinde Fehraltorf Raumplanung: e-10 Planning Projektphasen: Machbarkeitsstudie, Richtprojekt, Gestaltungsplan (Situationsplan) Die Gemeinde Fehraltorf plant, die Industriezone entlang der Bahngleise k\u00fcnftig als gemischte Gewerbe- und Wohnzone zu nutzen. Nachdem ein Projekt auf einer einzelnen Parzelle in diesem Gebiet vom Kanton abgelehnt wurde, war es die Aufgabe eine umfassendere Studie f\u00fcr das ganze [&hellip;]<\/p>\n","protected":false},"author":1,"featured_media":0,"parent":0,"menu_order":0,"comment_status":"closed","ping_status":"closed","template":"","meta":{"om_disable_all_campaigns":false,"_monsterinsights_skip_tracking":false,"_monsterinsights_sitenote_active":false,"_monsterinsights_sitenote_note":"","_monsterinsights_sitenote_category":0,"_uf_show_specific_survey":0,"_uf_disable_surveys":false,"footnotes":""},"class_list":["post-855","page","type-page","status-publish","hentry"],"aioseo_notices":[],"_links":{"self":[{"href":"https:\/\/le-architektur.ch\/index.php\/wp-json\/wp\/v2\/pages\/855","targetHints":{"allow":["GET"]}}],"collection":[{"href":"https:\/\/le-architektur.ch\/index.php\/wp-json\/wp\/v2\/pages"}],"about":[{"href":"https:\/\/le-architektur.ch\/index.php\/wp-json\/wp\/v2\/types\/page"}],"author":[{"embeddable":true,"href":"https:\/\/le-architektur.ch\/index.php\/wp-json\/wp\/v2\/users\/1"}],"replies":[{"embeddable":true,"href":"https:\/\/le-architektur.ch\/index.php\/wp-json\/wp\/v2\/comments?post=855"}],"version-history":[{"count":14,"href":"https:\/\/le-architektur.ch\/index.php\/wp-json\/wp\/v2\/pages\/855\/revisions"}],"predecessor-version":[{"id":1144,"href":"https:\/\/le-architektur.ch\/index.php\/wp-json\/wp\/v2\/pages\/855\/revisions\/1144"}],"wp:attachment":[{"href":"https:\/\/le-architektur.ch\/index.php\/wp-json\/wp\/v2\/media?parent=855"}],"curies":[{"name":"wp","href":"https:\/\/api.w.org\/{rel}","templated":true}]}}