{"id":978,"date":"2026-03-15T09:42:46","date_gmt":"2026-03-15T08:42:46","guid":{"rendered":"https:\/\/le-architektur.ch\/?page_id=978"},"modified":"2026-03-15T21:26:06","modified_gmt":"2026-03-15T20:26:06","slug":"campus-culinario","status":"publish","type":"page","link":"https:\/\/le-architektur.ch\/index.php\/campus-culinario\/","title":{"rendered":"Umbau Dachstock"},"content":{"rendered":"\t\t<div data-elementor-type=\"wp-page\" data-elementor-id=\"978\" class=\"elementor elementor-978\">\n\t\t\t\t<div class=\"elementor-element elementor-element-2fffccde e-flex e-con-boxed e-con e-parent\" data-id=\"2fffccde\" data-element_type=\"container\" data-e-type=\"container\">\n\t\t\t\t\t<div class=\"e-con-inner\">\n\t\t\t\t<div class=\"elementor-element elementor-element-262ab92a elementor-widget elementor-widget-heading\" data-id=\"262ab92a\" data-element_type=\"widget\" data-e-type=\"widget\" data-widget_type=\"heading.default\">\n\t\t\t\t<div class=\"elementor-widget-container\">\n\t\t\t\t\t<h2 class=\"elementor-heading-title elementor-size-default\">UMBAU DACHSTOCK<\/h2>\t\t\t\t<\/div>\n\t\t\t\t<\/div>\n\t\t\t\t\t<\/div>\n\t\t\t\t<\/div>\n\t\t<div class=\"elementor-element elementor-element-c22bb36 e-flex e-con-boxed e-con e-parent\" data-id=\"c22bb36\" data-element_type=\"container\" data-e-type=\"container\">\n\t\t\t\t\t<div class=\"e-con-inner\">\n\t\t<div class=\"elementor-element elementor-element-ac36e3b e-flex e-con-boxed e-con e-child\" data-id=\"ac36e3b\" data-element_type=\"container\" data-e-type=\"container\">\n\t\t\t\t\t<div class=\"e-con-inner\">\n\t\t<div class=\"elementor-element elementor-element-39830346 e-flex e-con-boxed e-con e-child\" data-id=\"39830346\" data-element_type=\"container\" data-e-type=\"container\">\n\t\t\t\t\t<div class=\"e-con-inner\">\n\t\t\t\t<div class=\"elementor-element elementor-element-d3de78d elementor-widget elementor-widget-image\" data-id=\"d3de78d\" data-element_type=\"widget\" data-e-type=\"widget\" data-widget_type=\"image.default\">\n\t\t\t\t<div class=\"elementor-widget-container\">\n\t\t\t\t\t\t\t\t\t\t\t\t\t\t\t\t<a href=\"https:\/\/le-architektur.ch\/wp-content\/uploads\/2026\/03\/V_C_1.jpg\" data-elementor-open-lightbox=\"yes\" data-e-action-hash=\"#elementor-action%3Aaction%3Dlightbox%26settings%3DeyJpZCI6MTE4NywidXJsIjoiaHR0cHM6XC9cL2xlLWFyY2hpdGVrdHVyLmNoXC93cC1jb250ZW50XC91cGxvYWRzXC8yMDI2XC8wM1wvVl9DXzEuanBnIn0%3D\">\n\t\t\t\t\t\t\t<img decoding=\"async\" src=\"https:\/\/le-architektur.ch\/wp-content\/uploads\/elementor\/thumbs\/V_C_1-rkjctq0utknw1tfn96j86fll5z4yt7cp35q36j4thc.jpg\" title=\"V_C_1\" alt=\"V_C_1\" loading=\"lazy\" \/>\t\t\t\t\t\t\t\t<\/a>\n\t\t\t\t\t\t\t\t\t\t\t\t\t\t\t<\/div>\n\t\t\t\t<\/div>\n\t\t\t\t\t<\/div>\n\t\t\t\t<\/div>\n\t\t<div class=\"elementor-element elementor-element-2fe81952 e-con-full e-flex e-con e-child\" data-id=\"2fe81952\" data-element_type=\"container\" data-e-type=\"container\">\n\t\t\t\t<div class=\"elementor-element elementor-element-216fd6ae elementor-widget elementor-widget-image\" data-id=\"216fd6ae\" data-element_type=\"widget\" data-e-type=\"widget\" data-widget_type=\"image.default\">\n\t\t\t\t<div class=\"elementor-widget-container\">\n\t\t\t\t\t\t\t\t\t\t\t\t\t\t\t\t<a href=\"https:\/\/le-architektur.ch\/wp-content\/uploads\/2026\/03\/2026-03-15-09-54-10-Innenraum-Architekturfotografie.jpg\" data-elementor-open-lightbox=\"yes\" data-elementor-lightbox-description=\"{&quot;geometryOverride&quot;:0,&quot;materialOverride&quot;:100,&quot;promptStrength&quot;:60,&quot;isInterior&quot;:true,&quot;isTurboNature&quot;:false,&quot;isAtmospheric&quot;:false,&quot;isArielView&quot;:false,&quot;isCinematic&quot;:false,&quot;isFilm&quot;:true,&quot;seed&quot;:-1,&quot;userPrompt&quot;:&quot;Mache aus dem rendering ein realistisches bild, behalte die materialien und Farben der oberfl\u00e4chen bei, erg\u00e4nze mit kleinen details und verbesserungen, Es soll nach einer hochwertigen Architekturfotografie aussehen&quot;,&quot;userNegativePrompt&quot;:&quot;&quot;,&quot;renderEngineVersion&quot;:&quot;Version 7 Flash&quot;,&quot;temperature&quot;:100,&quot;styleChips&quot;:[]}\" data-e-action-hash=\"#elementor-action%3Aaction%3Dlightbox%26settings%3DeyJpZCI6MTE4OSwidXJsIjoiaHR0cHM6XC9cL2xlLWFyY2hpdGVrdHVyLmNoXC93cC1jb250ZW50XC91cGxvYWRzXC8yMDI2XC8wM1wvMjAyNi0wMy0xNS0wOS01NC0xMC1Jbm5lbnJhdW0tQXJjaGl0ZWt0dXJmb3RvZ3JhZmllLmpwZyJ9\">\n\t\t\t\t\t\t\t<img decoding=\"async\" src=\"https:\/\/le-architektur.ch\/wp-content\/uploads\/elementor\/thumbs\/2026-03-15-09-54-10-Innenraum-Architekturfotografie-rkjczyoa6z7f4mdbtdn28cwr52dowv4jm1n4vnvq68.jpg\" title=\"2026-03-15 09-54-10 &#8211; Innenraum, Architekturfotografie\" alt=\"{&quot;geometryOverride&quot;:0,&quot;materialOverride&quot;:100,&quot;promptStrength&quot;:60,&quot;isInterior&quot;:true,&quot;isTurboNature&quot;:false,&quot;isAtmospheric&quot;:false,&quot;isArielView&quot;:false,&quot;isCinematic&quot;:false,&quot;isFilm&quot;:true,&quot;seed&quot;:-1,&quot;userPrompt&quot;:&quot;Mache aus dem rendering ein realistisches bild, behalte die materialien und Farben der oberfl\u00e4chen bei, erg\u00e4nze mit kleinen details und verbesserungen, Es soll nach einer hochwertigen Architekturfotografie aussehen&quot;,&quot;userNegativePrompt&quot;:&quot;&quot;,&quot;renderEngineVersion&quot;:&quot;Version 7 Flash&quot;,&quot;temperature&quot;:100,&quot;styleChips&quot;:[]}\" loading=\"lazy\" \/>\t\t\t\t\t\t\t\t<\/a>\n\t\t\t\t\t\t\t\t\t\t\t\t\t\t\t<\/div>\n\t\t\t\t<\/div>\n\t\t\t\t<\/div>\n\t\t\t\t\t<\/div>\n\t\t\t\t<\/div>\n\t\t<div class=\"elementor-element elementor-element-3d1f5dcc e-transform e-flex e-con-boxed e-con e-child\" data-id=\"3d1f5dcc\" data-element_type=\"container\" data-e-type=\"container\" data-settings=\"{&quot;_transform_rotateZ_effect&quot;:{&quot;unit&quot;:&quot;px&quot;,&quot;size&quot;:&quot;&quot;,&quot;sizes&quot;:[]},&quot;_transform_rotateZ_effect_tablet&quot;:{&quot;unit&quot;:&quot;deg&quot;,&quot;size&quot;:&quot;&quot;,&quot;sizes&quot;:[]},&quot;_transform_rotateZ_effect_mobile&quot;:{&quot;unit&quot;:&quot;deg&quot;,&quot;size&quot;:&quot;&quot;,&quot;sizes&quot;:[]}}\">\n\t\t\t\t\t<div class=\"e-con-inner\">\n\t\t\t\t<div class=\"elementor-element elementor-element-52d4e3c0 elementor-widget-mobile__width-initial elementor-widget elementor-widget-image\" data-id=\"52d4e3c0\" data-element_type=\"widget\" data-e-type=\"widget\" data-widget_type=\"image.default\">\n\t\t\t\t<div class=\"elementor-widget-container\">\n\t\t\t\t\t\t\t\t\t\t\t\t\t\t\t\t<a href=\"https:\/\/le-architektur.ch\/wp-content\/uploads\/2026\/03\/Dusche.jpg\" data-elementor-open-lightbox=\"yes\" data-e-action-hash=\"#elementor-action%3Aaction%3Dlightbox%26settings%3DeyJpZCI6MTE4OCwidXJsIjoiaHR0cHM6XC9cL2xlLWFyY2hpdGVrdHVyLmNoXC93cC1jb250ZW50XC91cGxvYWRzXC8yMDI2XC8wM1wvRHVzY2hlLmpwZyJ9\">\n\t\t\t\t\t\t\t<img decoding=\"async\" src=\"https:\/\/le-architektur.ch\/wp-content\/uploads\/elementor\/thumbs\/Dusche-rkjcugcc4xsqzxruu4oomnjl2gcyms28lep9ufj2ic.jpg\" title=\"Dusche\" alt=\"Dusche\" loading=\"lazy\" \/>\t\t\t\t\t\t\t\t<\/a>\n\t\t\t\t\t\t\t\t\t\t\t\t\t\t\t<\/div>\n\t\t\t\t<\/div>\n\t\t\t\t\t<\/div>\n\t\t\t\t<\/div>\n\t\t\t\t\t<\/div>\n\t\t\t\t<\/div>\n\t\t<div class=\"elementor-element elementor-element-64fd31e5 e-flex e-con-boxed e-con e-parent\" data-id=\"64fd31e5\" data-element_type=\"container\" data-e-type=\"container\">\n\t\t\t\t\t<div class=\"e-con-inner\">\n\t\t<div class=\"elementor-element elementor-element-18554089 e-con-full e-flex e-con e-child\" data-id=\"18554089\" data-element_type=\"container\" data-e-type=\"container\">\n\t\t\t\t<div class=\"elementor-element elementor-element-7d3f6ed9 elementor-widget elementor-widget-text-editor\" data-id=\"7d3f6ed9\" data-element_type=\"widget\" data-e-type=\"widget\" data-widget_type=\"text-editor.default\">\n\t\t\t\t<div class=\"elementor-widget-container\">\n\t\t\t\t\t\t\t\t\t<p>2025<\/p><p><b>Bauherrschaft:<\/b>\u00a0Privat<\/p><p><b>Projektphasen:\u00a0<\/b>Konzept, Visualisierungen<\/p><div class=\"group\/conversation-turn relative flex w-full min-w-0 flex-col agent-turn\"><div class=\"flex-col gap-1 md:gap-3\"><div class=\"flex max-w-full flex-col flex-grow\"><div class=\"min-h-8 text-message flex w-full flex-col items-end gap-2 whitespace-normal break-words [.text-message+&amp;]:mt-5\" dir=\"auto\" data-message-author-role=\"assistant\" data-message-id=\"a423c8b6-9cf7-4076-a9ab-ff2fc95bc98a\" data-message-model-slug=\"gpt-4o\"><div class=\"flex w-full flex-col gap-1 empty:hidden first:pt-[3px]\"><div class=\"markdown prose w-full break-words dark:prose-invert dark\"><p>Mit wenigen Massnahmen soll aus dem Dachgeschoss ein Wohngeschoss mit Schlafzimmer, B\u00fcrobereich und einem neuen Badezimmer entstehen.<\/p><p>Durch einen neuen Durchgang entlang der S\u00fcdfassade soll in der alten Struktur eine Grossz\u00fcgigkeit und gute M\u00f6blierbarkeit des Schlafzimmers erm\u00f6glicht werden.<\/p><\/div><\/div><\/div><\/div><\/div><\/div>\t\t\t\t\t\t\t\t<\/div>\n\t\t\t\t<\/div>\n\t\t\t\t<\/div>\n\t\t\t\t\t<\/div>\n\t\t\t\t<\/div>\n\t\t<div class=\"elementor-element elementor-element-58f377a3 e-flex e-con-boxed e-con e-parent\" data-id=\"58f377a3\" data-element_type=\"container\" data-e-type=\"container\">\n\t\t\t\t\t<div class=\"e-con-inner\">\n\t\t<div class=\"elementor-element elementor-element-57bf4c2c e-con-full e-flex e-con e-child\" data-id=\"57bf4c2c\" data-element_type=\"container\" data-e-type=\"container\">\n\t\t\t\t<div class=\"elementor-element elementor-element-675c9786 elementor-widget elementor-widget-image\" data-id=\"675c9786\" data-element_type=\"widget\" data-e-type=\"widget\" data-widget_type=\"image.default\">\n\t\t\t\t<div class=\"elementor-widget-container\">\n\t\t\t\t\t\t\t\t\t\t\t\t\t\t\t\t<a href=\"https:\/\/le-architektur.ch\/wp-content\/uploads\/2026\/03\/2504-HERR-CAD_WEBSEITE.jpg\" data-elementor-open-lightbox=\"yes\" data-e-action-hash=\"#elementor-action%3Aaction%3Dlightbox%26settings%3DeyJpZCI6MTE5NCwidXJsIjoiaHR0cHM6XC9cL2xlLWFyY2hpdGVrdHVyLmNoXC93cC1jb250ZW50XC91cGxvYWRzXC8yMDI2XC8wM1wvMjUwNC1IRVJSLUNBRF9XRUJTRUlURS5qcGcifQ%3D%3D\">\n\t\t\t\t\t\t\t<img decoding=\"async\" src=\"https:\/\/le-architektur.ch\/wp-content\/uploads\/elementor\/thumbs\/2504-HERR-CAD_WEBSEITE-rkjeil2tfnxfuvtoxjyfoywv1u7pig1lvdcrlja8qw.jpg\" title=\"2504 HERR CAD_WEBSEITE\" alt=\"2504 HERR CAD_WEBSEITE\" loading=\"lazy\" \/>\t\t\t\t\t\t\t\t<\/a>\n\t\t\t\t\t\t\t\t\t\t\t\t\t\t\t<\/div>\n\t\t\t\t<\/div>\n\t\t\t\t<\/div>\n\t\t\t\t\t<\/div>\n\t\t\t\t<\/div>\n\t\t<div class=\"elementor-element elementor-element-4aa0b22 e-flex e-con-boxed e-con e-parent\" data-id=\"4aa0b22\" data-element_type=\"container\" data-e-type=\"container\">\n\t\t\t\t\t<div class=\"e-con-inner\">\n\t\t<div class=\"elementor-element elementor-element-44a6fda e-con-full e-flex e-con e-child\" data-id=\"44a6fda\" data-element_type=\"container\" data-e-type=\"container\">\n\t\t\t\t<div class=\"elementor-element elementor-element-ee3d018 elementor-widget elementor-widget-image\" data-id=\"ee3d018\" data-element_type=\"widget\" data-e-type=\"widget\" data-widget_type=\"image.default\">\n\t\t\t\t<div class=\"elementor-widget-container\">\n\t\t\t\t\t\t\t\t\t\t\t\t\t\t\t\t<a href=\"https:\/\/le-architektur.ch\/wp-content\/uploads\/2026\/03\/Schlafzimmer-1.jpg\" data-elementor-open-lightbox=\"yes\" data-e-action-hash=\"#elementor-action%3Aaction%3Dlightbox%26settings%3DeyJpZCI6MTE5NiwidXJsIjoiaHR0cHM6XC9cL2xlLWFyY2hpdGVrdHVyLmNoXC93cC1jb250ZW50XC91cGxvYWRzXC8yMDI2XC8wM1wvU2NobGFmemltbWVyLTEuanBnIn0%3D\">\n\t\t\t\t\t\t\t<img decoding=\"async\" src=\"https:\/\/le-architektur.ch\/wp-content\/uploads\/elementor\/thumbs\/Schlafzimmer-1-rkjemh4lmpc4ry25tbix0b0r58vnmcddumlxeo6exc.jpg\" title=\"Schlafzimmer 1\" alt=\"Schlafzimmer 1\" loading=\"lazy\" \/>\t\t\t\t\t\t\t\t<\/a>\n\t\t\t\t\t\t\t\t\t\t\t\t\t\t\t<\/div>\n\t\t\t\t<\/div>\n\t\t\t\t<\/div>\n\t\t<div class=\"elementor-element elementor-element-facefeb e-con-full e-flex e-con e-child\" data-id=\"facefeb\" data-element_type=\"container\" data-e-type=\"container\">\n\t\t\t\t<div class=\"elementor-element elementor-element-4d0aed5 elementor-widget elementor-widget-image\" data-id=\"4d0aed5\" data-element_type=\"widget\" data-e-type=\"widget\" data-widget_type=\"image.default\">\n\t\t\t\t<div class=\"elementor-widget-container\">\n\t\t\t\t\t\t\t\t\t\t\t\t\t\t\t\t<a href=\"https:\/\/le-architektur.ch\/wp-content\/uploads\/2026\/03\/Schlafzimmer-2.jpg\" data-elementor-open-lightbox=\"yes\" data-e-action-hash=\"#elementor-action%3Aaction%3Dlightbox%26settings%3DeyJpZCI6MTE5NywidXJsIjoiaHR0cHM6XC9cL2xlLWFyY2hpdGVrdHVyLmNoXC93cC1jb250ZW50XC91cGxvYWRzXC8yMDI2XC8wM1wvU2NobGFmemltbWVyLTIuanBnIn0%3D\">\n\t\t\t\t\t\t\t<img decoding=\"async\" src=\"https:\/\/le-architektur.ch\/wp-content\/uploads\/elementor\/thumbs\/Schlafzimmer-2-rkjen5keke9l5t2num37t4uql9j76h2elzkjvv66fk.jpg\" title=\"Schlafzimmer 2\" alt=\"Schlafzimmer 2\" loading=\"lazy\" \/>\t\t\t\t\t\t\t\t<\/a>\n\t\t\t\t\t\t\t\t\t\t\t\t\t\t\t<\/div>\n\t\t\t\t<\/div>\n\t\t\t\t<\/div>\n\t\t<div class=\"elementor-element elementor-element-722b410 e-con-full e-flex e-con e-child\" data-id=\"722b410\" data-element_type=\"container\" data-e-type=\"container\">\n\t\t\t\t<div class=\"elementor-element elementor-element-d8b0418 elementor-widget elementor-widget-image\" data-id=\"d8b0418\" data-element_type=\"widget\" data-e-type=\"widget\" data-widget_type=\"image.default\">\n\t\t\t\t<div class=\"elementor-widget-container\">\n\t\t\t\t\t\t\t\t\t\t\t\t\t\t\t\t<a href=\"https:\/\/le-architektur.ch\/wp-content\/uploads\/2026\/03\/Arbeitszimmer.jpg\" data-elementor-open-lightbox=\"yes\" data-e-action-hash=\"#elementor-action%3Aaction%3Dlightbox%26settings%3DeyJpZCI6MTE5OCwidXJsIjoiaHR0cHM6XC9cL2xlLWFyY2hpdGVrdHVyLmNoXC93cC1jb250ZW50XC91cGxvYWRzXC8yMDI2XC8wM1wvQXJiZWl0c3ppbW1lci5qcGcifQ%3D%3D\">\n\t\t\t\t\t\t\t<img decoding=\"async\" src=\"https:\/\/le-architektur.ch\/wp-content\/uploads\/elementor\/thumbs\/Arbeitszimmer-rkjenpb0jx0lxm9zncmdrhvf2ctwo48rop9qyocwsw.jpg\" title=\"Arbeitszimmer\" alt=\"Arbeitszimmer\" loading=\"lazy\" \/>\t\t\t\t\t\t\t\t<\/a>\n\t\t\t\t\t\t\t\t\t\t\t\t\t\t\t<\/div>\n\t\t\t\t<\/div>\n\t\t\t\t<\/div>\n\t\t\t\t\t<\/div>\n\t\t\t\t<\/div>\n\t\t\t\t<\/div>\n\t\t","protected":false},"excerpt":{"rendered":"<p>UMBAU DACHSTOCK 2025 Bauherrschaft:\u00a0Privat Projektphasen:\u00a0Konzept, Visualisierungen Mit wenigen Massnahmen soll aus dem Dachgeschoss ein Wohngeschoss mit Schlafzimmer, B\u00fcrobereich und einem neuen Badezimmer entstehen. Durch einen neuen Durchgang entlang der S\u00fcdfassade soll in der alten Struktur eine Grossz\u00fcgigkeit und gute M\u00f6blierbarkeit des Schlafzimmers erm\u00f6glicht werden.<\/p>\n","protected":false},"author":1,"featured_media":0,"parent":0,"menu_order":0,"comment_status":"closed","ping_status":"closed","template":"","meta":{"om_disable_all_campaigns":false,"_monsterinsights_skip_tracking":false,"_monsterinsights_sitenote_active":false,"_monsterinsights_sitenote_note":"","_monsterinsights_sitenote_category":0,"_uf_show_specific_survey":0,"_uf_disable_surveys":false,"footnotes":""},"class_list":["post-978","page","type-page","status-publish","hentry"],"aioseo_notices":[],"_links":{"self":[{"href":"https:\/\/le-architektur.ch\/index.php\/wp-json\/wp\/v2\/pages\/978","targetHints":{"allow":["GET"]}}],"collection":[{"href":"https:\/\/le-architektur.ch\/index.php\/wp-json\/wp\/v2\/pages"}],"about":[{"href":"https:\/\/le-architektur.ch\/index.php\/wp-json\/wp\/v2\/types\/page"}],"author":[{"embeddable":true,"href":"https:\/\/le-architektur.ch\/index.php\/wp-json\/wp\/v2\/users\/1"}],"replies":[{"embeddable":true,"href":"https:\/\/le-architektur.ch\/index.php\/wp-json\/wp\/v2\/comments?post=978"}],"version-history":[{"count":18,"href":"https:\/\/le-architektur.ch\/index.php\/wp-json\/wp\/v2\/pages\/978\/revisions"}],"predecessor-version":[{"id":1249,"href":"https:\/\/le-architektur.ch\/index.php\/wp-json\/wp\/v2\/pages\/978\/revisions\/1249"}],"wp:attachment":[{"href":"https:\/\/le-architektur.ch\/index.php\/wp-json\/wp\/v2\/media?parent=978"}],"curies":[{"name":"wp","href":"https:\/\/api.w.org\/{rel}","templated":true}]}}