{"id":989,"date":"2024-11-10T23:52:58","date_gmt":"2024-11-10T22:52:58","guid":{"rendered":"https:\/\/le-architektur.ch\/?page_id=989"},"modified":"2024-11-13T22:35:04","modified_gmt":"2024-11-13T21:35:04","slug":"schulerweiterung-riva-san-vitale","status":"publish","type":"page","link":"https:\/\/le-architektur.ch\/index.php\/schulerweiterung-riva-san-vitale\/","title":{"rendered":"SCHULERWEITERUNG &#8211; RIVA SAN VITALE"},"content":{"rendered":"\t\t<div data-elementor-type=\"wp-page\" data-elementor-id=\"989\" class=\"elementor elementor-989\">\n\t\t\t\t<div class=\"elementor-element elementor-element-578176ed e-flex e-con-boxed e-con e-parent\" data-id=\"578176ed\" data-element_type=\"container\" data-e-type=\"container\">\n\t\t\t\t\t<div class=\"e-con-inner\">\n\t\t\t\t<div class=\"elementor-element elementor-element-28daa110 elementor-widget elementor-widget-heading\" data-id=\"28daa110\" data-element_type=\"widget\" data-e-type=\"widget\" data-widget_type=\"heading.default\">\n\t\t\t\t<div class=\"elementor-widget-container\">\n\t\t\t\t\t<h2 class=\"elementor-heading-title elementor-size-default\">SCHULERWEITERUNG - RIVA SAN VITALE<br><\/h2>\t\t\t\t<\/div>\n\t\t\t\t<\/div>\n\t\t\t\t\t<\/div>\n\t\t\t\t<\/div>\n\t\t<div class=\"elementor-element elementor-element-cde39c8 e-flex e-con-boxed e-con e-parent\" data-id=\"cde39c8\" data-element_type=\"container\" data-e-type=\"container\">\n\t\t\t\t\t<div class=\"e-con-inner\">\n\t\t<div class=\"elementor-element elementor-element-4ec5a07 e-con-full e-flex e-con e-child\" data-id=\"4ec5a07\" data-element_type=\"container\" data-e-type=\"container\">\n\t\t\t\t<div class=\"elementor-element elementor-element-c82930b elementor-widget elementor-widget-image\" data-id=\"c82930b\" data-element_type=\"widget\" data-e-type=\"widget\" data-widget_type=\"image.default\">\n\t\t\t\t<div class=\"elementor-widget-container\">\n\t\t\t\t\t\t\t\t\t\t\t\t\t\t\t\t<a href=\"https:\/\/le-architektur.ch\/wp-content\/uploads\/2024\/11\/Enscape_2024-06-24-22-07-31-Kopie-scaled.jpg\" data-elementor-open-lightbox=\"yes\" data-e-action-hash=\"#elementor-action%3Aaction%3Dlightbox%26settings%3DeyJpZCI6OTk5LCJ1cmwiOiJodHRwczpcL1wvbGUtYXJjaGl0ZWt0dXIuY2hcL3dwLWNvbnRlbnRcL3VwbG9hZHNcLzIwMjRcLzExXC9FbnNjYXBlXzIwMjQtMDYtMjQtMjItMDctMzEtS29waWUtc2NhbGVkLmpwZyJ9\">\n\t\t\t\t\t\t\t<img fetchpriority=\"high\" decoding=\"async\" width=\"2048\" height=\"786\" src=\"https:\/\/le-architektur.ch\/wp-content\/uploads\/2024\/11\/Enscape_2024-06-24-22-07-31-Kopie-2048x786.jpg\" class=\"attachment-2048x2048 size-2048x2048 wp-image-999\" alt=\"\" srcset=\"https:\/\/le-architektur.ch\/wp-content\/uploads\/2024\/11\/Enscape_2024-06-24-22-07-31-Kopie-2048x786.jpg 2048w, https:\/\/le-architektur.ch\/wp-content\/uploads\/2024\/11\/Enscape_2024-06-24-22-07-31-Kopie-300x115.jpg 300w, https:\/\/le-architektur.ch\/wp-content\/uploads\/2024\/11\/Enscape_2024-06-24-22-07-31-Kopie-1024x393.jpg 1024w, https:\/\/le-architektur.ch\/wp-content\/uploads\/2024\/11\/Enscape_2024-06-24-22-07-31-Kopie-768x295.jpg 768w, https:\/\/le-architektur.ch\/wp-content\/uploads\/2024\/11\/Enscape_2024-06-24-22-07-31-Kopie-1536x590.jpg 1536w\" sizes=\"(max-width: 2048px) 100vw, 2048px\" \/>\t\t\t\t\t\t\t\t<\/a>\n\t\t\t\t\t\t\t\t\t\t\t\t\t\t\t<\/div>\n\t\t\t\t<\/div>\n\t\t\t\t<\/div>\n\t\t\t\t\t<\/div>\n\t\t\t\t<\/div>\n\t\t<div class=\"elementor-element elementor-element-583a70cf e-flex e-con-boxed e-con e-parent\" data-id=\"583a70cf\" data-element_type=\"container\" data-e-type=\"container\">\n\t\t\t\t\t<div class=\"e-con-inner\">\n\t\t<div class=\"elementor-element elementor-element-1e3189c6 e-flex e-con-boxed e-con e-child\" data-id=\"1e3189c6\" data-element_type=\"container\" data-e-type=\"container\">\n\t\t\t\t\t<div class=\"e-con-inner\">\n\t\t<div class=\"elementor-element elementor-element-14a33f88 e-flex e-con-boxed e-con e-child\" data-id=\"14a33f88\" data-element_type=\"container\" data-e-type=\"container\">\n\t\t\t\t\t<div class=\"e-con-inner\">\n\t\t\t\t<div class=\"elementor-element elementor-element-6c277ac0 elementor-widget elementor-widget-image\" data-id=\"6c277ac0\" data-element_type=\"widget\" data-e-type=\"widget\" data-widget_type=\"image.default\">\n\t\t\t\t<div class=\"elementor-widget-container\">\n\t\t\t\t\t\t\t\t\t\t\t\t\t\t\t\t<a href=\"https:\/\/le-architektur.ch\/wp-content\/uploads\/2024\/11\/Staedtebau_Axonometrie-1-scaled.jpg\" data-elementor-open-lightbox=\"yes\" data-e-action-hash=\"#elementor-action%3Aaction%3Dlightbox%26settings%3DeyJpZCI6OTk0LCJ1cmwiOiJodHRwczpcL1wvbGUtYXJjaGl0ZWt0dXIuY2hcL3dwLWNvbnRlbnRcL3VwbG9hZHNcLzIwMjRcLzExXC9TdGFlZHRlYmF1X0F4b25vbWV0cmllLTEtc2NhbGVkLmpwZyJ9\">\n\t\t\t\t\t\t\t<img decoding=\"async\" src=\"https:\/\/le-architektur.ch\/wp-content\/uploads\/elementor\/thumbs\/Staedtebau_Axonometrie-1-scaled-qwvfmt0harfliv3cqt3lixhto6qezgy0ohxj2dqpmo.jpg\" title=\"St\u00e4dtebau_Axonometrie\" alt=\"St\u00e4dtebau_Axonometrie\" loading=\"lazy\" \/>\t\t\t\t\t\t\t\t<\/a>\n\t\t\t\t\t\t\t\t\t\t\t\t\t\t\t<\/div>\n\t\t\t\t<\/div>\n\t\t\t\t\t<\/div>\n\t\t\t\t<\/div>\n\t\t<div class=\"elementor-element elementor-element-1c42c22e e-con-full e-flex e-con e-child\" data-id=\"1c42c22e\" data-element_type=\"container\" data-e-type=\"container\">\n\t\t\t\t<div class=\"elementor-element elementor-element-65e779aa elementor-widget elementor-widget-image\" data-id=\"65e779aa\" data-element_type=\"widget\" data-e-type=\"widget\" data-widget_type=\"image.default\">\n\t\t\t\t<div class=\"elementor-widget-container\">\n\t\t\t\t\t\t\t\t\t\t\t\t\t\t\t\t<a href=\"https:\/\/le-architektur.ch\/wp-content\/uploads\/2024\/11\/Klassenzimmer_Axonometrie-1-scaled.jpg\" data-elementor-open-lightbox=\"yes\" data-e-action-hash=\"#elementor-action%3Aaction%3Dlightbox%26settings%3DeyJpZCI6OTk1LCJ1cmwiOiJodHRwczpcL1wvbGUtYXJjaGl0ZWt0dXIuY2hcL3dwLWNvbnRlbnRcL3VwbG9hZHNcLzIwMjRcLzExXC9LbGFzc2VuemltbWVyX0F4b25vbWV0cmllLTEtc2NhbGVkLmpwZyJ9\">\n\t\t\t\t\t\t\t<img decoding=\"async\" src=\"https:\/\/le-architektur.ch\/wp-content\/uploads\/elementor\/thumbs\/Klassenzimmer_Axonometrie-1-scaled-qwvfoecmvnm372s2fzvu910xwovt109n8dq5c9dp34.jpg\" title=\"Klassenzimmer_Axonometrie\" alt=\"Klassenzimmer_Axonometrie\" loading=\"lazy\" \/>\t\t\t\t\t\t\t\t<\/a>\n\t\t\t\t\t\t\t\t\t\t\t\t\t\t\t<\/div>\n\t\t\t\t<\/div>\n\t\t\t\t<\/div>\n\t\t\t\t\t<\/div>\n\t\t\t\t<\/div>\n\t\t<div class=\"elementor-element elementor-element-4d1b02fd e-transform e-flex e-con-boxed e-con e-child\" data-id=\"4d1b02fd\" data-element_type=\"container\" data-e-type=\"container\" data-settings=\"{&quot;_transform_rotateZ_effect&quot;:{&quot;unit&quot;:&quot;px&quot;,&quot;size&quot;:&quot;&quot;,&quot;sizes&quot;:[]},&quot;_transform_rotateZ_effect_tablet&quot;:{&quot;unit&quot;:&quot;deg&quot;,&quot;size&quot;:&quot;&quot;,&quot;sizes&quot;:[]},&quot;_transform_rotateZ_effect_mobile&quot;:{&quot;unit&quot;:&quot;deg&quot;,&quot;size&quot;:&quot;&quot;,&quot;sizes&quot;:[]}}\">\n\t\t\t\t\t<div class=\"e-con-inner\">\n\t\t\t\t<div class=\"elementor-element elementor-element-2aa86cf7 elementor-widget-mobile__width-initial elementor-widget elementor-widget-image\" data-id=\"2aa86cf7\" data-element_type=\"widget\" data-e-type=\"widget\" data-widget_type=\"image.default\">\n\t\t\t\t<div class=\"elementor-widget-container\">\n\t\t\t\t\t\t\t\t\t\t\t\t\t\t\t\t<a href=\"https:\/\/le-architektur.ch\/wp-content\/uploads\/2024\/11\/Parkplatzperspektive_Final-scaled.jpeg\" data-elementor-open-lightbox=\"yes\" data-e-action-hash=\"#elementor-action%3Aaction%3Dlightbox%26settings%3DeyJpZCI6OTkzLCJ1cmwiOiJodHRwczpcL1wvbGUtYXJjaGl0ZWt0dXIuY2hcL3dwLWNvbnRlbnRcL3VwbG9hZHNcLzIwMjRcLzExXC9QYXJrcGxhdHpwZXJzcGVrdGl2ZV9GaW5hbC1zY2FsZWQuanBlZyJ9\">\n\t\t\t\t\t\t\t<img decoding=\"async\" src=\"https:\/\/le-architektur.ch\/wp-content\/uploads\/elementor\/thumbs\/Parkplatzperspektive_Final-scaled-qwvfit76943k3kaox7pkxude1x8z3tw57cttv757xw.jpeg\" title=\"Parkplatzperspektive_Final\" alt=\"Parkplatzperspektive_Final\" loading=\"lazy\" \/>\t\t\t\t\t\t\t\t<\/a>\n\t\t\t\t\t\t\t\t\t\t\t\t\t\t\t<\/div>\n\t\t\t\t<\/div>\n\t\t\t\t\t<\/div>\n\t\t\t\t<\/div>\n\t\t\t\t\t<\/div>\n\t\t\t\t<\/div>\n\t\t<div class=\"elementor-element elementor-element-78765 e-flex e-con-boxed e-con e-parent\" data-id=\"78765\" data-element_type=\"container\" data-e-type=\"container\">\n\t\t\t\t\t<div class=\"e-con-inner\">\n\t\t<div class=\"elementor-element elementor-element-797c52c5 e-con-full e-flex e-con e-child\" data-id=\"797c52c5\" data-element_type=\"container\" data-e-type=\"container\">\n\t\t\t\t<div class=\"elementor-element elementor-element-62889316 elementor-widget elementor-widget-text-editor\" data-id=\"62889316\" data-element_type=\"widget\" data-e-type=\"widget\" data-widget_type=\"text-editor.default\">\n\t\t\t\t<div class=\"elementor-widget-container\">\n\t\t\t\t\t\t\t\t\t<p>2021-2022<\/p><p><b>Studium:<\/b> Semester 5<\/p><p><b>Projektphasen: <\/b>Entwurf<\/p><p><span style=\"font-family: var( --e-global-typography-text-font-family ), Sans-serif; font-size: var( --e-global-typography-text-font-size ); font-style: var( --e-global-typography-text-font-style ); letter-spacing: var( --e-global-typography-text-letter-spacing ); text-transform: var( --e-global-typography-text-text-transform ); word-spacing: var( --e-global-typography-text-word-spacing ); text-decoration: var( --e-global-typography-text-text-decoration ); text-align: var(--text-align); background-color: rgba(255, 255, 255, 0);\">Semesterrarbeit in Riva san Vitale<\/span><\/p><div class=\"group\/conversation-turn relative flex w-full min-w-0 flex-col agent-turn\"><div class=\"flex-col gap-1 md:gap-3\"><div class=\"flex max-w-full flex-col flex-grow\"><div class=\"min-h-8 text-message flex w-full flex-col items-end gap-2 whitespace-normal break-words [.text-message+&amp;]:mt-5\" dir=\"auto\" data-message-author-role=\"assistant\" data-message-id=\"a423c8b6-9cf7-4076-a9ab-ff2fc95bc98a\" data-message-model-slug=\"gpt-4o\"><div class=\"flex w-full flex-col gap-1 empty:hidden first:pt-[3px]\"><div class=\"markdown prose w-full break-words dark:prose-invert dark\"><div class=\"flex-shrink-0 flex flex-col relative items-end\"><div><div class=\"pt-0\"><div class=\"gizmo-bot-avatar flex h-8 w-8 items-center justify-center overflow-hidden rounded-full\"><div class=\"relative p-1 rounded-sm flex items-center justify-center bg-token-main-surface-primary text-token-text-primary h-8 w-8\">\u00a0<\/div><\/div><\/div><\/div><\/div><div class=\"group\/conversation-turn relative flex w-full min-w-0 flex-col agent-turn\"><div class=\"flex-col gap-1 md:gap-3\"><div class=\"flex max-w-full flex-col flex-grow\"><div class=\"min-h-8 text-message flex w-full flex-col items-end gap-2 whitespace-normal break-words [.text-message+&amp;]:mt-5\" dir=\"auto\" data-message-author-role=\"assistant\" data-message-id=\"1dfb1ef1-1045-4848-ad8b-1d51e82f1b7d\" data-message-model-slug=\"gpt-4o\"><div class=\"flex w-full flex-col gap-1 empty:hidden first:pt-[3px]\"><div class=\"markdown prose w-full break-words dark:prose-invert dark\"><p>Die bestehende Schule wird durch einen Neubau erweitert, der den Pausenplatz st\u00e4rkt, ihm einen Abschluss bietet und eine Trennung zwischen Schulareal und Parkpl\u00e4tzen schafft. Die aussenliegende Erschliessung betont den \u00f6ffentlichen Charakter der Schule und sorgt im Sommer f\u00fcr die Beschattung der Schulzimmer.<\/p><p>Die Schulzimmer werden \u00fcber zweigeschossige Erschliessungsr\u00e4ume betreten, die in einen Garderobenbereich und weiter durch eine M\u00f6belwand ins Schulzimmer f\u00fchren. Grossz\u00fcgige \u00d6ffnungen erm\u00f6glichen den Zugang zu einem Aussenschulzimmer, was eine gute Lernatmosph\u00e4re schafft.<\/p><p>Die grossen Vorr\u00e4ume bieten Sonnenschutz und erlauben den Einsatz von Lehmplatten und naturbelassenem Holz an den gesch\u00fctzten Aussenw\u00e4nden. Die Kombination von Betonstrukturen und organischen Materialien sorgt f\u00fcr eine spannende \u00e4ussere Gestaltung in Anlehnung an den Bestand.<\/p><\/div><\/div><\/div><\/div><\/div><\/div><\/div><\/div><\/div><\/div><\/div><\/div>\t\t\t\t\t\t\t\t<\/div>\n\t\t\t\t<\/div>\n\t\t\t\t<\/div>\n\t\t\t\t\t<\/div>\n\t\t\t\t<\/div>\n\t\t<div class=\"elementor-element elementor-element-5121cee2 e-flex e-con-boxed e-con e-parent\" data-id=\"5121cee2\" data-element_type=\"container\" data-e-type=\"container\">\n\t\t\t\t\t<div class=\"e-con-inner\">\n\t\t<div class=\"elementor-element elementor-element-5a1c97b3 e-con-full e-flex e-con e-child\" data-id=\"5a1c97b3\" data-element_type=\"container\" data-e-type=\"container\">\n\t\t\t\t<div class=\"elementor-element elementor-element-506bfa0f elementor-widget elementor-widget-image\" data-id=\"506bfa0f\" data-element_type=\"widget\" data-e-type=\"widget\" data-widget_type=\"image.default\">\n\t\t\t\t<div class=\"elementor-widget-container\">\n\t\t\t\t\t\t\t\t\t\t\t\t\t\t\t\t<a href=\"https:\/\/le-architektur.ch\/wp-content\/uploads\/2024\/11\/Schemata-scaled.jpg\" data-elementor-open-lightbox=\"yes\" data-e-action-hash=\"#elementor-action%3Aaction%3Dlightbox%26settings%3DeyJpZCI6OTk2LCJ1cmwiOiJodHRwczpcL1wvbGUtYXJjaGl0ZWt0dXIuY2hcL3dwLWNvbnRlbnRcL3VwbG9hZHNcLzIwMjRcLzExXC9TY2hlbWF0YS1zY2FsZWQuanBnIn0%3D\">\n\t\t\t\t\t\t\t<img decoding=\"async\" width=\"2048\" height=\"405\" src=\"https:\/\/le-architektur.ch\/wp-content\/uploads\/2024\/11\/Schemata-2048x405.jpg\" class=\"attachment-2048x2048 size-2048x2048 wp-image-996\" alt=\"\" srcset=\"https:\/\/le-architektur.ch\/wp-content\/uploads\/2024\/11\/Schemata-2048x405.jpg 2048w, https:\/\/le-architektur.ch\/wp-content\/uploads\/2024\/11\/Schemata-300x59.jpg 300w, https:\/\/le-architektur.ch\/wp-content\/uploads\/2024\/11\/Schemata-1024x202.jpg 1024w, https:\/\/le-architektur.ch\/wp-content\/uploads\/2024\/11\/Schemata-768x152.jpg 768w, https:\/\/le-architektur.ch\/wp-content\/uploads\/2024\/11\/Schemata-1536x303.jpg 1536w\" sizes=\"(max-width: 2048px) 100vw, 2048px\" \/>\t\t\t\t\t\t\t\t<\/a>\n\t\t\t\t\t\t\t\t\t\t\t\t\t\t\t<\/div>\n\t\t\t\t<\/div>\n\t\t\t\t<\/div>\n\t\t\t\t\t<\/div>\n\t\t\t\t<\/div>\n\t\t<div class=\"elementor-element elementor-element-428603bc e-flex e-con-boxed e-con e-parent\" data-id=\"428603bc\" data-element_type=\"container\" data-e-type=\"container\">\n\t\t\t\t\t<div class=\"e-con-inner\">\n\t\t<div class=\"elementor-element elementor-element-376d710b e-con-full e-flex e-con e-child\" data-id=\"376d710b\" data-element_type=\"container\" data-e-type=\"container\">\n\t\t\t\t<div class=\"elementor-element elementor-element-47e10e43 elementor-widget elementor-widget-image\" data-id=\"47e10e43\" data-element_type=\"widget\" data-e-type=\"widget\" data-widget_type=\"image.default\">\n\t\t\t\t<div class=\"elementor-widget-container\">\n\t\t\t\t\t\t\t\t\t\t\t\t\t\t\t\t<a href=\"https:\/\/le-architektur.ch\/wp-content\/uploads\/2024\/11\/Aussenklassenzimmer_Final-scaled.jpeg\" data-elementor-open-lightbox=\"yes\" data-e-action-hash=\"#elementor-action%3Aaction%3Dlightbox%26settings%3DeyJpZCI6OTk3LCJ1cmwiOiJodHRwczpcL1wvbGUtYXJjaGl0ZWt0dXIuY2hcL3dwLWNvbnRlbnRcL3VwbG9hZHNcLzIwMjRcLzExXC9BdXNzZW5rbGFzc2VuemltbWVyX0ZpbmFsLXNjYWxlZC5qcGVnIn0%3D\">\n\t\t\t\t\t\t\t<img decoding=\"async\" src=\"https:\/\/le-architektur.ch\/wp-content\/uploads\/elementor\/thumbs\/Aussenklassenzimmer_Final-scaled-qwvftb2akid4qybyg9mmc03mctl7rvpjrnd3m75mog.jpeg\" title=\"Aussenklassenzimmer_Final\" alt=\"Aussenklassenzimmer_Final\" loading=\"lazy\" \/>\t\t\t\t\t\t\t\t<\/a>\n\t\t\t\t\t\t\t\t\t\t\t\t\t\t\t<\/div>\n\t\t\t\t<\/div>\n\t\t\t\t<\/div>\n\t\t<div class=\"elementor-element elementor-element-67d73da6 e-con-full e-flex e-con e-child\" data-id=\"67d73da6\" data-element_type=\"container\" data-e-type=\"container\">\n\t\t\t\t<div class=\"elementor-element elementor-element-3548105d elementor-widget elementor-widget-image\" data-id=\"3548105d\" data-element_type=\"widget\" data-e-type=\"widget\" data-widget_type=\"image.default\">\n\t\t\t\t<div class=\"elementor-widget-container\">\n\t\t\t\t\t\t\t\t\t\t\t\t\t\t\t\t<a href=\"https:\/\/le-architektur.ch\/wp-content\/uploads\/2024\/11\/Konstruktionsdetail_Axonometrisch-scaled.jpg\" data-elementor-open-lightbox=\"yes\" data-e-action-hash=\"#elementor-action%3Aaction%3Dlightbox%26settings%3DeyJpZCI6MTAwMCwidXJsIjoiaHR0cHM6XC9cL2xlLWFyY2hpdGVrdHVyLmNoXC93cC1jb250ZW50XC91cGxvYWRzXC8yMDI0XC8xMVwvS29uc3RydWt0aW9uc2RldGFpbF9BeG9ub21ldHJpc2NoLXNjYWxlZC5qcGcifQ%3D%3D\">\n\t\t\t\t\t\t\t<img decoding=\"async\" src=\"https:\/\/le-architektur.ch\/wp-content\/uploads\/elementor\/thumbs\/Konstruktionsdetail_Axonometrisch-scaled-qwvfxieb4u4ao684wl1jzfwtzuvb75ec0ge9vqx8uo.jpg\" title=\"Konstruktionsdetail_Axonometrisch\" alt=\"Konstruktionsdetail_Axonometrisch\" loading=\"lazy\" \/>\t\t\t\t\t\t\t\t<\/a>\n\t\t\t\t\t\t\t\t\t\t\t\t\t\t\t<\/div>\n\t\t\t\t<\/div>\n\t\t\t\t<\/div>\n\t\t<div class=\"elementor-element elementor-element-49a43d7 e-con-full e-flex e-con e-child\" data-id=\"49a43d7\" data-element_type=\"container\" data-e-type=\"container\">\n\t\t\t\t<div class=\"elementor-element elementor-element-30ecd827 elementor-widget elementor-widget-image\" data-id=\"30ecd827\" data-element_type=\"widget\" data-e-type=\"widget\" data-widget_type=\"image.default\">\n\t\t\t\t<div class=\"elementor-widget-container\">\n\t\t\t\t\t\t\t\t\t\t\t\t\t\t\t\t<a href=\"https:\/\/le-architektur.ch\/wp-content\/uploads\/2024\/11\/Hauptschnitt_Raeumlich_1_33-1-scaled.jpg\" data-elementor-open-lightbox=\"yes\" data-e-action-hash=\"#elementor-action%3Aaction%3Dlightbox%26settings%3DeyJpZCI6MTAyMSwidXJsIjoiaHR0cHM6XC9cL2xlLWFyY2hpdGVrdHVyLmNoXC93cC1jb250ZW50XC91cGxvYWRzXC8yMDI0XC8xMVwvSGF1cHRzY2huaXR0X1JhZXVtbGljaF8xXzMzLTEtc2NhbGVkLmpwZyJ9\">\n\t\t\t\t\t\t\t<img decoding=\"async\" src=\"https:\/\/le-architektur.ch\/wp-content\/uploads\/elementor\/thumbs\/Hauptschnitt_Raeumlich_1_33-1-scaled-qwvglti1vle8x4wzylb7yt2z1l219cwforrbocvpxs.jpg\" title=\"Hauptschnitt_R\u00e4umlich_1_33\" alt=\"Hauptschnitt_R\u00e4umlich_1_33\" loading=\"lazy\" \/>\t\t\t\t\t\t\t\t<\/a>\n\t\t\t\t\t\t\t\t\t\t\t\t\t\t\t<\/div>\n\t\t\t\t<\/div>\n\t\t\t\t<\/div>\n\t\t\t\t\t<\/div>\n\t\t\t\t<\/div>\n\t\t<div class=\"elementor-element elementor-element-4178da35 e-flex e-con-boxed e-con e-parent\" data-id=\"4178da35\" data-element_type=\"container\" data-e-type=\"container\">\n\t\t\t\t\t<div class=\"e-con-inner\">\n\t\t<div class=\"elementor-element elementor-element-1587112 e-con-full e-flex e-con e-child\" data-id=\"1587112\" data-element_type=\"container\" data-e-type=\"container\">\n\t\t\t\t<div class=\"elementor-element elementor-element-57d07857 elementor-widget elementor-widget-image\" data-id=\"57d07857\" data-element_type=\"widget\" data-e-type=\"widget\" data-widget_type=\"image.default\">\n\t\t\t\t<div class=\"elementor-widget-container\">\n\t\t\t\t\t\t\t\t\t\t\t\t\t\t\t\t<a href=\"https:\/\/le-architektur.ch\/wp-content\/uploads\/2024\/11\/Grundriss_EG_Umgebung_1_200-scaled.jpg\" data-elementor-open-lightbox=\"yes\" data-e-action-hash=\"#elementor-action%3Aaction%3Dlightbox%26settings%3DeyJpZCI6MTAwNywidXJsIjoiaHR0cHM6XC9cL2xlLWFyY2hpdGVrdHVyLmNoXC93cC1jb250ZW50XC91cGxvYWRzXC8yMDI0XC8xMVwvR3J1bmRyaXNzX0VHX1VtZ2VidW5nXzFfMjAwLXNjYWxlZC5qcGcifQ%3D%3D\">\n\t\t\t\t\t\t\t<img decoding=\"async\" src=\"https:\/\/le-architektur.ch\/wp-content\/uploads\/elementor\/thumbs\/Grundriss_EG_Umgebung_1_200-scaled-qwvgap2t0663j92mws85gm4lzfvo6aqs5puh8hdfkg.jpg\" title=\"Grundriss_EG_Umgebung_1_200\" alt=\"Grundriss_EG_Umgebung_1_200\" loading=\"lazy\" \/>\t\t\t\t\t\t\t\t<\/a>\n\t\t\t\t\t\t\t\t\t\t\t\t\t\t\t<\/div>\n\t\t\t\t<\/div>\n\t\t\t\t<\/div>\n\t\t<div class=\"elementor-element elementor-element-19f67e95 e-con-full e-flex e-con e-child\" data-id=\"19f67e95\" data-element_type=\"container\" data-e-type=\"container\">\n\t\t\t\t<div class=\"elementor-element elementor-element-36c101ec elementor-widget elementor-widget-image\" data-id=\"36c101ec\" data-element_type=\"widget\" data-e-type=\"widget\" data-widget_type=\"image.default\">\n\t\t\t\t<div class=\"elementor-widget-container\">\n\t\t\t\t\t\t\t\t\t\t\t\t\t\t\t\t<a href=\"https:\/\/le-architektur.ch\/wp-content\/uploads\/2024\/11\/Grundriss_OG1_OG2_1_200.jpg\" data-elementor-open-lightbox=\"yes\" data-e-action-hash=\"#elementor-action%3Aaction%3Dlightbox%26settings%3DeyJpZCI6MTAwOCwidXJsIjoiaHR0cHM6XC9cL2xlLWFyY2hpdGVrdHVyLmNoXC93cC1jb250ZW50XC91cGxvYWRzXC8yMDI0XC8xMVwvR3J1bmRyaXNzX09HMV9PRzJfMV8yMDAuanBnIn0%3D\">\n\t\t\t\t\t\t\t<img decoding=\"async\" src=\"https:\/\/le-architektur.ch\/wp-content\/uploads\/elementor\/thumbs\/Grundriss_OG1_OG2_1_200-qwvgawliiuge44rpovh60k8aqiulvvkmur2d2p2a6o.jpg\" title=\"Grundriss_OG1_OG2_1_200\" alt=\"Grundriss_OG1_OG2_1_200\" loading=\"lazy\" \/>\t\t\t\t\t\t\t\t<\/a>\n\t\t\t\t\t\t\t\t\t\t\t\t\t\t\t<\/div>\n\t\t\t\t<\/div>\n\t\t\t\t<\/div>\n\t\t<div class=\"elementor-element elementor-element-561b65 e-con-full e-flex e-con e-child\" data-id=\"561b65\" data-element_type=\"container\" data-e-type=\"container\">\n\t\t\t\t<div class=\"elementor-element elementor-element-723f33a3 elementor-widget elementor-widget-image\" data-id=\"723f33a3\" data-element_type=\"widget\" data-e-type=\"widget\" data-widget_type=\"image.default\">\n\t\t\t\t<div class=\"elementor-widget-container\">\n\t\t\t\t\t\t\t\t\t\t\t\t\t\t\t\t<a href=\"https:\/\/le-architektur.ch\/wp-content\/uploads\/2024\/11\/Fassadenausschnitt_1_33-scaled.jpg\" data-elementor-open-lightbox=\"yes\" data-e-action-hash=\"#elementor-action%3Aaction%3Dlightbox%26settings%3DeyJpZCI6MTAwNiwidXJsIjoiaHR0cHM6XC9cL2xlLWFyY2hpdGVrdHVyLmNoXC93cC1jb250ZW50XC91cGxvYWRzXC8yMDI0XC8xMVwvRmFzc2FkZW5hdXNzY2huaXR0XzFfMzMtc2NhbGVkLmpwZyJ9\">\n\t\t\t\t\t\t\t<img decoding=\"async\" src=\"https:\/\/le-architektur.ch\/wp-content\/uploads\/elementor\/thumbs\/Fassadenausschnitt_1_33-scaled-qwvgabx2cho30plr1mjdhpg5o1oj6jajfwpoilwxzk.jpg\" title=\"Fassadenausschnitt_1_33\" alt=\"Fassadenausschnitt_1_33\" loading=\"lazy\" \/>\t\t\t\t\t\t\t\t<\/a>\n\t\t\t\t\t\t\t\t\t\t\t\t\t\t\t<\/div>\n\t\t\t\t<\/div>\n\t\t\t\t<\/div>\n\t\t\t\t\t<\/div>\n\t\t\t\t<\/div>\n\t\t\t\t<\/div>\n\t\t","protected":false},"excerpt":{"rendered":"<p>SCHULERWEITERUNG &#8211; RIVA SAN VITALE 2021-2022 Studium: Semester 5 Projektphasen: Entwurf Semesterrarbeit in Riva san Vitale \u00a0 Die bestehende Schule wird durch einen Neubau erweitert, der den Pausenplatz st\u00e4rkt, ihm einen Abschluss bietet und eine Trennung zwischen Schulareal und Parkpl\u00e4tzen schafft. Die aussenliegende Erschliessung betont den \u00f6ffentlichen Charakter der Schule und sorgt im Sommer f\u00fcr [&hellip;]<\/p>\n","protected":false},"author":1,"featured_media":0,"parent":0,"menu_order":0,"comment_status":"closed","ping_status":"closed","template":"","meta":{"om_disable_all_campaigns":false,"_monsterinsights_skip_tracking":false,"_monsterinsights_sitenote_active":false,"_monsterinsights_sitenote_note":"","_monsterinsights_sitenote_category":0,"_uf_show_specific_survey":0,"_uf_disable_surveys":false,"footnotes":""},"class_list":["post-989","page","type-page","status-publish","hentry"],"aioseo_notices":[],"_links":{"self":[{"href":"https:\/\/le-architektur.ch\/index.php\/wp-json\/wp\/v2\/pages\/989","targetHints":{"allow":["GET"]}}],"collection":[{"href":"https:\/\/le-architektur.ch\/index.php\/wp-json\/wp\/v2\/pages"}],"about":[{"href":"https:\/\/le-architektur.ch\/index.php\/wp-json\/wp\/v2\/types\/page"}],"author":[{"embeddable":true,"href":"https:\/\/le-architektur.ch\/index.php\/wp-json\/wp\/v2\/users\/1"}],"replies":[{"embeddable":true,"href":"https:\/\/le-architektur.ch\/index.php\/wp-json\/wp\/v2\/comments?post=989"}],"version-history":[{"count":46,"href":"https:\/\/le-architektur.ch\/index.php\/wp-json\/wp\/v2\/pages\/989\/revisions"}],"predecessor-version":[{"id":1125,"href":"https:\/\/le-architektur.ch\/index.php\/wp-json\/wp\/v2\/pages\/989\/revisions\/1125"}],"wp:attachment":[{"href":"https:\/\/le-architektur.ch\/index.php\/wp-json\/wp\/v2\/media?parent=989"}],"curies":[{"name":"wp","href":"https:\/\/api.w.org\/{rel}","templated":true}]}}